{"id":1050,"date":"2016-05-20T08:49:10","date_gmt":"2016-05-20T08:49:10","guid":{"rendered":"https:\/\/ismax.cat\/aigua\/"},"modified":"2025-04-14T13:32:18","modified_gmt":"2025-04-14T13:32:18","slug":"agua","status":"publish","type":"page","link":"https:\/\/ismax.cat\/es\/agua\/","title":{"rendered":"Agua"},"content":{"rendered":"<div id='full_slider_1'  class='avia-fullwidth-slider main_color avia-shadow   avia-builder-el-0  el_before_av_section  avia-builder-el-first   container_wrap fullsize'  ><div  class='avia-slideshow av-ickt-b3edb72bd822a3a631488c7671b6c10c avia-slideshow-featured av_slideshow_full avia-slide-slider av-slideshow-ui av-control-default av-slideshow-manual av-loop-once av-loop-manual-endless av-default-height-applied   avia-slideshow-1' data-slideshow-options=\"{&quot;animation&quot;:&quot;slide&quot;,&quot;autoplay&quot;:false,&quot;loop_autoplay&quot;:&quot;once&quot;,&quot;interval&quot;:5,&quot;loop_manual&quot;:&quot;manual-endless&quot;,&quot;autoplay_stopper&quot;:false,&quot;noNavigation&quot;:false,&quot;bg_slider&quot;:false,&quot;keep_padding&quot;:false,&quot;hoverpause&quot;:false,&quot;show_slide_delay&quot;:0}\"  itemprop=\"image\" itemscope=\"itemscope\" itemtype=\"https:\/\/schema.org\/ImageObject\" ><ul class='avia-slideshow-inner ' style='padding-bottom: 28.666666666667%;'><li  class='avia-slideshow-slide av-ickt-b3edb72bd822a3a631488c7671b6c10c__0  av-single-slide slide-1 slide-odd'><div data-rel='slideshow-1' class='avia-slide-wrap '   ><img decoding=\"async\" fetchpriority=\"high\" class=\"wp-image-939 avia-img-lazy-loading-not-939\"  src=\"https:\/\/ismax.cat\/wp-content\/uploads\/2022\/05\/FosoSlider-4-Ismax-1500x430.png\" width=\"1500\" height=\"430\" title='' alt='Plato de ducha saliendo agua. ISMAX instalaciones de agua para particulares y empresas en el Maresme'  itemprop=\"thumbnailUrl\" srcset=\"https:\/\/ismax.cat\/wp-content\/uploads\/2022\/05\/FosoSlider-4-Ismax.png 1500w, https:\/\/ismax.cat\/wp-content\/uploads\/2022\/05\/FosoSlider-4-Ismax-300x86.png 300w, https:\/\/ismax.cat\/wp-content\/uploads\/2022\/05\/FosoSlider-4-Ismax-1030x295.png 1030w, https:\/\/ismax.cat\/wp-content\/uploads\/2022\/05\/FosoSlider-4-Ismax-768x220.png 768w, https:\/\/ismax.cat\/wp-content\/uploads\/2022\/05\/FosoSlider-4-Ismax-705x202.png 705w\" sizes=\"(max-width: 1500px) 100vw, 1500px\" \/><\/div><\/li><\/ul><\/div><\/div>\n\n<style type=\"text\/css\" data-created_by=\"avia_inline_auto\" id=\"style-css-av-ddf3-963ccd000035698274c1166f449cbec7\">\n.avia-section.av-ddf3-963ccd000035698274c1166f449cbec7{\nbackground-color:#ff8080;\nbackground-image:unset;\n}\n<\/style>\n<div id='av_section_1'  class='avia-section av-ddf3-963ccd000035698274c1166f449cbec7 main_color avia-section-default avia-no-border-styling  avia-builder-el-1  el_after_av_slideshow_full  el_before_av_section  avia-bg-style-scroll container_wrap fullsize'  ><div class='container av-section-cont-open' ><div class='template-page content  av-content-full alpha units'><div class='post-entry post-entry-type-page post-entry-1050'><div class='entry-content-wrapper clearfix'>\n<div  class='flex_column av-c7o1-6a1b031c8ae204d33fdc8651bd690dd2 av_one_full  avia-builder-el-2  avia-builder-el-no-sibling  first flex_column_div  '     ><style type=\"text\/css\" data-created_by=\"avia_inline_auto\" id=\"style-css-av-l38m65ww-b2350b90e256fcbf5caf898b7d4d330d\">\n#top .av_textblock_section.av-l38m65ww-b2350b90e256fcbf5caf898b7d4d330d .avia_textblock{\ncolor:#ffffff;\n}\n<\/style>\n<section  class='av_textblock_section av-l38m65ww-b2350b90e256fcbf5caf898b7d4d330d '   itemscope=\"itemscope\" itemtype=\"https:\/\/schema.org\/CreativeWork\" ><div class='avia_textblock av_inherit_color'  itemprop=\"text\" ><h1 style=\"text-align: center;\">AGUA<\/h1>\n<\/div><\/section><\/div><\/div><\/div><\/div><!-- close content main div --><\/div><\/div><div id='av_section_2'  class='avia-section av-9fpf-9e898e357c99ab646b586dde72a95ebd main_color avia-section-default avia-no-border-styling  avia-builder-el-4  el_after_av_section  avia-builder-el-last  avia-bg-style-scroll container_wrap fullsize'  ><div class='container av-section-cont-open' ><div class='template-page content  av-content-full alpha units'><div class='post-entry post-entry-type-page post-entry-1050'><div class='entry-content-wrapper clearfix'>\n<div class='flex_column_table av-7ie5-8d455e2a1ae379e904ce5534b27b5bad sc-av_one_third av-equal-height-column-flextable'><div  class='flex_column av-7ie5-8d455e2a1ae379e904ce5534b27b5bad av_one_third  avia-builder-el-5  el_before_av_two_third  avia-builder-el-first  first flex_column_table_cell av-equal-height-column av-align-middle  '     ><style type=\"text\/css\" data-created_by=\"avia_inline_auto\" id=\"style-css-av-l38m6dpl-d239ea58f7f3d81976ee6252aeae3d95\">\n.avia-image-container.av-l38m6dpl-d239ea58f7f3d81976ee6252aeae3d95 img.avia_image{\nbox-shadow:none;\n}\n.avia-image-container.av-l38m6dpl-d239ea58f7f3d81976ee6252aeae3d95 .av-image-caption-overlay-center{\ncolor:#ffffff;\n}\n<\/style>\n<div  class='avia-image-container av-l38m6dpl-d239ea58f7f3d81976ee6252aeae3d95 av-styling- avia-align-center  avia-builder-el-6  avia-builder-el-no-sibling '   itemprop=\"image\" itemscope=\"itemscope\" itemtype=\"https:\/\/schema.org\/ImageObject\" ><div class=\"avia-image-container-inner\"><div class=\"avia-image-overlay-wrap\"><img decoding=\"async\" fetchpriority=\"high\" class='wp-image-984 avia-img-lazy-loading-not-984 avia_image ' src=\"https:\/\/ismax.cat\/wp-content\/uploads\/2022\/05\/PictoInterior-Aigua-Ismax-180x180.png\" alt='' title=''  height=\"180\" width=\"180\"  itemprop=\"thumbnailUrl\" srcset=\"https:\/\/ismax.cat\/wp-content\/uploads\/2022\/05\/PictoInterior-Aigua-Ismax-180x180.png 180w, https:\/\/ismax.cat\/wp-content\/uploads\/2022\/05\/PictoInterior-Aigua-Ismax-300x300.png 300w, https:\/\/ismax.cat\/wp-content\/uploads\/2022\/05\/PictoInterior-Aigua-Ismax-80x80.png 80w, https:\/\/ismax.cat\/wp-content\/uploads\/2022\/05\/PictoInterior-Aigua-Ismax-36x36.png 36w, https:\/\/ismax.cat\/wp-content\/uploads\/2022\/05\/PictoInterior-Aigua-Ismax.png 567w\" sizes=\"(max-width: 180px) 100vw, 180px\" \/><\/div><\/div><\/div><\/div><div class='av-flex-placeholder'><\/div><div  class='flex_column av-5ctx-3b21fd67fbf6d2930f0fb9cf3420e0f9 av_two_third  avia-builder-el-7  el_after_av_one_third  el_before_av_one_full  flex_column_table_cell av-equal-height-column av-align-middle  '     ><style type=\"text\/css\" data-created_by=\"avia_inline_auto\" id=\"style-css-av-l38m7dpf-cec6192e0ea31ac92a99676b3290b01c\">\n#top .av_textblock_section.av-l38m7dpf-cec6192e0ea31ac92a99676b3290b01c .avia_textblock{\nfont-size:17px;\n}\n<\/style>\n<section  class='av_textblock_section av-l38m7dpf-cec6192e0ea31ac92a99676b3290b01c '   itemscope=\"itemscope\" itemtype=\"https:\/\/schema.org\/CreativeWork\" ><div class='avia_textblock'  itemprop=\"text\" ><p>Existen variedad de materiales para realizar las instalaciones de agua tanto para una vivienda como para comercios o industrias, el cobre de toda la vida con accesorios soldados con estanque con una durabilidad demostrada pero que al ser conductor puede dar problemas de calcificaciones por la electr\u00f3lisis, o materiales termopl\u00e1sticos, tubo de polietileno y al sol y al no ser conductores no calcifican tanto, y el sistema de accesorios permite ir m\u00e1s r\u00e1pidamente y es m\u00e1s limpio.<\/p>\n<p>Al igual que en las instalaciones el\u00e9ctricas es conveniente, que cuando se realiza una instalaci\u00f3n efectuarla con las normas existentes actualizadas son instalaciones m\u00e1s seguras y estandarizadas.<\/p>\n<\/div><\/section><\/div><\/div><!--close column table wrapper. Autoclose: 1 --><div  class='flex_column av-332b-2acfa7c9be452f0fd250b05a7d6c0fe2 av_one_full  avia-builder-el-9  el_after_av_two_third  avia-builder-el-last  first flex_column_div  column-top-margin'     ><div id='av-masonry-1' class='av-masonry av-l38ma4jx-0604158193a82158c0d362842ed62ba7 noHover av-fixed-size av-large-gap av-hover-overlay- av-masonry-animation- av-masonry-col-5 av-caption-always av-caption-style- av-masonry-gallery av-orientation-square ' data-post_id=\"1050\"><div class=\"av-masonry-container isotope av-js-disabled\"><div class='av-masonry-entry isotope-item av-masonry-item-no-image '><\/div><a href=\"https:\/\/ismax.cat\/wp-content\/uploads\/2022\/05\/20210531_121310_2-579x1030.jpg\" data-srcset=\"https:\/\/ismax.cat\/wp-content\/uploads\/2022\/05\/20210531_121310_2-579x1030.jpg 579w, https:\/\/ismax.cat\/wp-content\/uploads\/2022\/05\/20210531_121310_2-169x300.jpg 169w, https:\/\/ismax.cat\/wp-content\/uploads\/2022\/05\/20210531_121310_2-768x1365.jpg 768w, https:\/\/ismax.cat\/wp-content\/uploads\/2022\/05\/20210531_121310_2-864x1536.jpg 864w, https:\/\/ismax.cat\/wp-content\/uploads\/2022\/05\/20210531_121310_2-844x1500.jpg 844w, https:\/\/ismax.cat\/wp-content\/uploads\/2022\/05\/20210531_121310_2-397x705.jpg 397w, https:\/\/ismax.cat\/wp-content\/uploads\/2022\/05\/20210531_121310_2.jpg 1134w\" data-sizes=\"(max-width: 579px) 100vw, 579px\"  aria-label=\"image image with no title\"  id='av-masonry-1-item-966' data-av-masonry-item='966' class='av-masonry-entry isotope-item post-966 attachment type-attachment status-inherit hentry  av-masonry-item-with-image' title=\"\" alt=\"\"    itemprop=\"thumbnailUrl\" ><div class='av-inner-masonry-sizer'><\/div><figure class='av-inner-masonry main_color'><div class=\"av-masonry-outerimage-container\"><div class='av-masonry-image-container' style=\"background-image: url(https:\/\/ismax.cat\/wp-content\/uploads\/2022\/05\/20210531_121310_2-169x300.jpg);\" ><\/div><\/div><\/figure><\/a><!--end av-masonry entry--><a href=\"https:\/\/ismax.cat\/wp-content\/uploads\/2022\/05\/20210618_211955-579x1030.jpg\" data-srcset=\"https:\/\/ismax.cat\/wp-content\/uploads\/2022\/05\/20210618_211955-579x1030.jpg 579w, https:\/\/ismax.cat\/wp-content\/uploads\/2022\/05\/20210618_211955-169x300.jpg 169w, https:\/\/ismax.cat\/wp-content\/uploads\/2022\/05\/20210618_211955-768x1365.jpg 768w, https:\/\/ismax.cat\/wp-content\/uploads\/2022\/05\/20210618_211955-864x1536.jpg 864w, https:\/\/ismax.cat\/wp-content\/uploads\/2022\/05\/20210618_211955-1152x2048.jpg 1152w, https:\/\/ismax.cat\/wp-content\/uploads\/2022\/05\/20210618_211955-844x1500.jpg 844w, https:\/\/ismax.cat\/wp-content\/uploads\/2022\/05\/20210618_211955-397x705.jpg 397w, https:\/\/ismax.cat\/wp-content\/uploads\/2022\/05\/20210618_211955-scaled.jpg 1440w\" data-sizes=\"(max-width: 579px) 100vw, 579px\"  aria-label=\"image image with no title\"  id='av-masonry-1-item-963' data-av-masonry-item='963' class='av-masonry-entry isotope-item post-963 attachment type-attachment status-inherit hentry  av-masonry-item-with-image' title=\"\" alt=\"\"    itemprop=\"thumbnailUrl\" ><div class='av-inner-masonry-sizer'><\/div><figure class='av-inner-masonry main_color'><div class=\"av-masonry-outerimage-container\"><div class='av-masonry-image-container' style=\"background-image: url(https:\/\/ismax.cat\/wp-content\/uploads\/2022\/05\/20210618_211955-169x300.jpg);\" ><\/div><\/div><\/figure><\/a><!--end av-masonry entry--><a href=\"https:\/\/ismax.cat\/wp-content\/uploads\/2022\/05\/20210809_141216-1030x579.jpg\" data-srcset=\"https:\/\/ismax.cat\/wp-content\/uploads\/2022\/05\/20210809_141216-1030x579.jpg 1030w, https:\/\/ismax.cat\/wp-content\/uploads\/2022\/05\/20210809_141216-300x169.jpg 300w, https:\/\/ismax.cat\/wp-content\/uploads\/2022\/05\/20210809_141216-768x432.jpg 768w, https:\/\/ismax.cat\/wp-content\/uploads\/2022\/05\/20210809_141216-1536x864.jpg 1536w, https:\/\/ismax.cat\/wp-content\/uploads\/2022\/05\/20210809_141216-2048x1152.jpg 2048w, https:\/\/ismax.cat\/wp-content\/uploads\/2022\/05\/20210809_141216-1500x844.jpg 1500w, https:\/\/ismax.cat\/wp-content\/uploads\/2022\/05\/20210809_141216-705x397.jpg 705w\" data-sizes=\"(max-width: 1030px) 100vw, 1030px\"  aria-label=\"image image with no title\"  id='av-masonry-1-item-965' data-av-masonry-item='965' class='av-masonry-entry isotope-item post-965 attachment type-attachment status-inherit hentry  av-masonry-item-with-image' title=\"\" alt=\"\"    itemprop=\"thumbnailUrl\" ><div class='av-inner-masonry-sizer'><\/div><figure class='av-inner-masonry main_color'><div class=\"av-masonry-outerimage-container\"><div class='av-masonry-image-container' style=\"background-image: url(https:\/\/ismax.cat\/wp-content\/uploads\/2022\/05\/20210809_141216-300x169.jpg);\" ><\/div><\/div><\/figure><\/a><!--end av-masonry entry--><a href=\"https:\/\/ismax.cat\/wp-content\/uploads\/2022\/05\/20210602_144937_2-579x1030.jpg\" data-srcset=\"https:\/\/ismax.cat\/wp-content\/uploads\/2022\/05\/20210602_144937_2-579x1030.jpg 579w, https:\/\/ismax.cat\/wp-content\/uploads\/2022\/05\/20210602_144937_2-169x300.jpg 169w, https:\/\/ismax.cat\/wp-content\/uploads\/2022\/05\/20210602_144937_2-768x1365.jpg 768w, https:\/\/ismax.cat\/wp-content\/uploads\/2022\/05\/20210602_144937_2-864x1536.jpg 864w, https:\/\/ismax.cat\/wp-content\/uploads\/2022\/05\/20210602_144937_2-844x1500.jpg 844w, https:\/\/ismax.cat\/wp-content\/uploads\/2022\/05\/20210602_144937_2-397x705.jpg 397w, https:\/\/ismax.cat\/wp-content\/uploads\/2022\/05\/20210602_144937_2.jpg 1134w\" data-sizes=\"(max-width: 579px) 100vw, 579px\"  aria-label=\"image image with no title\"  id='av-masonry-1-item-967' data-av-masonry-item='967' class='av-masonry-entry isotope-item post-967 attachment type-attachment status-inherit hentry  av-masonry-item-with-image' title=\"\" alt=\"\"    itemprop=\"thumbnailUrl\" ><div class='av-inner-masonry-sizer'><\/div><figure class='av-inner-masonry main_color'><div class=\"av-masonry-outerimage-container\"><div class='av-masonry-image-container' style=\"background-image: url(https:\/\/ismax.cat\/wp-content\/uploads\/2022\/05\/20210602_144937_2-169x300.jpg);\" ><\/div><\/div><\/figure><\/a><!--end av-masonry entry--><a href=\"https:\/\/ismax.cat\/wp-content\/uploads\/2022\/05\/20210618_212052-579x1030.jpg\" data-srcset=\"https:\/\/ismax.cat\/wp-content\/uploads\/2022\/05\/20210618_212052-579x1030.jpg 579w, https:\/\/ismax.cat\/wp-content\/uploads\/2022\/05\/20210618_212052-169x300.jpg 169w, https:\/\/ismax.cat\/wp-content\/uploads\/2022\/05\/20210618_212052-768x1365.jpg 768w, https:\/\/ismax.cat\/wp-content\/uploads\/2022\/05\/20210618_212052-864x1536.jpg 864w, https:\/\/ismax.cat\/wp-content\/uploads\/2022\/05\/20210618_212052-1152x2048.jpg 1152w, https:\/\/ismax.cat\/wp-content\/uploads\/2022\/05\/20210618_212052-844x1500.jpg 844w, https:\/\/ismax.cat\/wp-content\/uploads\/2022\/05\/20210618_212052-397x705.jpg 397w, https:\/\/ismax.cat\/wp-content\/uploads\/2022\/05\/20210618_212052-scaled.jpg 1440w\" data-sizes=\"(max-width: 579px) 100vw, 579px\"  aria-label=\"image image with no title\"  id='av-masonry-1-item-964' data-av-masonry-item='964' class='av-masonry-entry isotope-item post-964 attachment type-attachment status-inherit hentry  av-masonry-item-with-image' title=\"\" alt=\"\"    itemprop=\"thumbnailUrl\" ><div class='av-inner-masonry-sizer'><\/div><figure class='av-inner-masonry main_color'><div class=\"av-masonry-outerimage-container\"><div class='av-masonry-image-container' style=\"background-image: url(https:\/\/ismax.cat\/wp-content\/uploads\/2022\/05\/20210618_212052-169x300.jpg);\" ><\/div><\/div><\/figure><\/a><!--end av-masonry entry--><\/div><\/div><\/div><\/p>\n","protected":false},"excerpt":{"rendered":"","protected":false},"author":1,"featured_media":0,"parent":0,"menu_order":0,"comment_status":"closed","ping_status":"closed","template":"","meta":{"footnotes":""},"class_list":["post-1050","page","type-page","status-publish","hentry"],"yoast_head":"<!-- This site is optimized with the Yoast SEO plugin v27.2 - https:\/\/yoast.com\/product\/yoast-seo-wordpress\/ -->\n<title>Agua - Ismax<\/title>\n<meta name=\"robots\" content=\"index, follow, max-snippet:-1, max-image-preview:large, max-video-preview:-1\" \/>\n<link rel=\"canonical\" href=\"https:\/\/ismax.cat\/es\/agua\/\" \/>\n<meta property=\"og:locale\" content=\"es_ES\" \/>\n<meta property=\"og:type\" content=\"article\" \/>\n<meta property=\"og:title\" content=\"Agua - Ismax\" \/>\n<meta property=\"og:url\" content=\"https:\/\/ismax.cat\/es\/agua\/\" \/>\n<meta property=\"og:site_name\" content=\"Ismax\" \/>\n<meta property=\"article:modified_time\" content=\"2025-04-14T13:32:18+00:00\" \/>\n<meta name=\"twitter:card\" content=\"summary_large_image\" \/>\n<meta name=\"twitter:label1\" content=\"Tiempo de lectura\" \/>\n\t<meta name=\"twitter:data1\" content=\"11 minutos\" \/>\n<script type=\"application\/ld+json\" class=\"yoast-schema-graph\">{\"@context\":\"https:\/\/schema.org\",\"@graph\":[{\"@type\":\"WebPage\",\"@id\":\"https:\/\/ismax.cat\/es\/agua\/\",\"url\":\"https:\/\/ismax.cat\/es\/agua\/\",\"name\":\"Agua - Ismax\",\"isPartOf\":{\"@id\":\"https:\/\/ismax.cat\/es\/#website\"},\"datePublished\":\"2016-05-20T08:49:10+00:00\",\"dateModified\":\"2025-04-14T13:32:18+00:00\",\"breadcrumb\":{\"@id\":\"https:\/\/ismax.cat\/es\/agua\/#breadcrumb\"},\"inLanguage\":\"es\",\"potentialAction\":[{\"@type\":\"ReadAction\",\"target\":[\"https:\/\/ismax.cat\/es\/agua\/\"]}]},{\"@type\":\"BreadcrumbList\",\"@id\":\"https:\/\/ismax.cat\/es\/agua\/#breadcrumb\",\"itemListElement\":[{\"@type\":\"ListItem\",\"position\":1,\"name\":\"Inici\",\"item\":\"https:\/\/ismax.cat\/es\/inici\/\"},{\"@type\":\"ListItem\",\"position\":2,\"name\":\"Agua\"}]},{\"@type\":\"WebSite\",\"@id\":\"https:\/\/ismax.cat\/es\/#website\",\"url\":\"https:\/\/ismax.cat\/es\/\",\"name\":\"Ismax\",\"description\":\"Instal\u00b7lacions Ismax\",\"potentialAction\":[{\"@type\":\"SearchAction\",\"target\":{\"@type\":\"EntryPoint\",\"urlTemplate\":\"https:\/\/ismax.cat\/es\/?s={search_term_string}\"},\"query-input\":{\"@type\":\"PropertyValueSpecification\",\"valueRequired\":true,\"valueName\":\"search_term_string\"}}],\"inLanguage\":\"es\"}]}<\/script>\n<!-- \/ Yoast SEO plugin. -->","yoast_head_json":{"title":"Agua - Ismax","robots":{"index":"index","follow":"follow","max-snippet":"max-snippet:-1","max-image-preview":"max-image-preview:large","max-video-preview":"max-video-preview:-1"},"canonical":"https:\/\/ismax.cat\/es\/agua\/","og_locale":"es_ES","og_type":"article","og_title":"Agua - Ismax","og_url":"https:\/\/ismax.cat\/es\/agua\/","og_site_name":"Ismax","article_modified_time":"2025-04-14T13:32:18+00:00","twitter_card":"summary_large_image","twitter_misc":{"Tiempo de lectura":"11 minutos"},"schema":{"@context":"https:\/\/schema.org","@graph":[{"@type":"WebPage","@id":"https:\/\/ismax.cat\/es\/agua\/","url":"https:\/\/ismax.cat\/es\/agua\/","name":"Agua - Ismax","isPartOf":{"@id":"https:\/\/ismax.cat\/es\/#website"},"datePublished":"2016-05-20T08:49:10+00:00","dateModified":"2025-04-14T13:32:18+00:00","breadcrumb":{"@id":"https:\/\/ismax.cat\/es\/agua\/#breadcrumb"},"inLanguage":"es","potentialAction":[{"@type":"ReadAction","target":["https:\/\/ismax.cat\/es\/agua\/"]}]},{"@type":"BreadcrumbList","@id":"https:\/\/ismax.cat\/es\/agua\/#breadcrumb","itemListElement":[{"@type":"ListItem","position":1,"name":"Inici","item":"https:\/\/ismax.cat\/es\/inici\/"},{"@type":"ListItem","position":2,"name":"Agua"}]},{"@type":"WebSite","@id":"https:\/\/ismax.cat\/es\/#website","url":"https:\/\/ismax.cat\/es\/","name":"Ismax","description":"Instal\u00b7lacions Ismax","potentialAction":[{"@type":"SearchAction","target":{"@type":"EntryPoint","urlTemplate":"https:\/\/ismax.cat\/es\/?s={search_term_string}"},"query-input":{"@type":"PropertyValueSpecification","valueRequired":true,"valueName":"search_term_string"}}],"inLanguage":"es"}]}},"_links":{"self":[{"href":"https:\/\/ismax.cat\/es\/wp-json\/wp\/v2\/pages\/1050","targetHints":{"allow":["GET"]}}],"collection":[{"href":"https:\/\/ismax.cat\/es\/wp-json\/wp\/v2\/pages"}],"about":[{"href":"https:\/\/ismax.cat\/es\/wp-json\/wp\/v2\/types\/page"}],"author":[{"embeddable":true,"href":"https:\/\/ismax.cat\/es\/wp-json\/wp\/v2\/users\/1"}],"replies":[{"embeddable":true,"href":"https:\/\/ismax.cat\/es\/wp-json\/wp\/v2\/comments?post=1050"}],"version-history":[{"count":3,"href":"https:\/\/ismax.cat\/es\/wp-json\/wp\/v2\/pages\/1050\/revisions"}],"predecessor-version":[{"id":1110,"href":"https:\/\/ismax.cat\/es\/wp-json\/wp\/v2\/pages\/1050\/revisions\/1110"}],"wp:attachment":[{"href":"https:\/\/ismax.cat\/es\/wp-json\/wp\/v2\/media?parent=1050"}],"curies":[{"name":"wp","href":"https:\/\/api.w.org\/{rel}","templated":true}]}}