{"id":1047,"date":"2016-05-31T08:23:33","date_gmt":"2016-05-31T08:23:33","guid":{"rendered":"https:\/\/ismax.cat\/serveis\/"},"modified":"2025-04-14T13:17:30","modified_gmt":"2025-04-14T13:17:30","slug":"servicios","status":"publish","type":"page","link":"https:\/\/ismax.cat\/es\/servicios\/","title":{"rendered":"Servicios"},"content":{"rendered":"\n<style type=\"text\/css\" data-created_by=\"avia_inline_auto\" id=\"style-css-av-l38s88rg-a6627eb828a1d6ccff425d2d5f01522c\">\n.avia-section.av-l38s88rg-a6627eb828a1d6ccff425d2d5f01522c{\nbackground-color:#ff8080;\nbackground-image:unset;\n}\n<\/style>\n<div id='av_section_1'  class='avia-section av-l38s88rg-a6627eb828a1d6ccff425d2d5f01522c main_color avia-section-small avia-no-border-styling  avia-builder-el-0  el_before_av_section  avia-builder-el-first  avia-bg-style-scroll container_wrap fullsize'  ><div class='container av-section-cont-open' ><main  role=\"main\" itemprop=\"mainContentOfPage\"  class='template-page content  av-content-full alpha units'><div class='post-entry post-entry-type-page post-entry-1047'><div class='entry-content-wrapper clearfix'>\n<div  class='flex_column av-4yjgm-86ed62bcf5ab84d72153d015d78bef50 av_one_full  avia-builder-el-1  avia-builder-el-no-sibling  first flex_column_div  '     ><style type=\"text\/css\" data-created_by=\"avia_inline_auto\" id=\"style-css-av-l38s7btw-d7a81413a7feb778fafdb41f181878aa\">\n#top .av_textblock_section.av-l38s7btw-d7a81413a7feb778fafdb41f181878aa .avia_textblock{\ncolor:#ffffff;\n}\n<\/style>\n<section  class='av_textblock_section av-l38s7btw-d7a81413a7feb778fafdb41f181878aa '   itemscope=\"itemscope\" itemtype=\"https:\/\/schema.org\/CreativeWork\" ><div class='avia_textblock av_inherit_color'  itemprop=\"text\" ><h1 style=\"text-align: center;\">SERVICIOS<\/h1>\n<\/div><\/section><\/div>\n\n<\/div><\/div><\/main><!-- close content main element --><\/div><\/div><div id='av_section_2'  class='avia-section av-av_section-2dcb3d115e2e5af9a73072e0505910f8 main_color avia-section-default avia-no-border-styling  avia-builder-el-3  el_after_av_section  avia-builder-el-last  avia-bg-style-scroll container_wrap fullsize'  ><div class='container av-section-cont-open' ><div class='template-page content  av-content-full alpha units'><div class='post-entry post-entry-type-page post-entry-1047'><div class='entry-content-wrapper clearfix'>\n<div  class='flex_column av-av_one_full-a93934ecd89fbb8a9566d39e89cd3725 av_one_full  avia-builder-el-4  avia-builder-el-no-sibling  first flex_column_div  '     ><style type=\"text\/css\" data-created_by=\"avia_inline_auto\" id=\"style-css-av-4bmm6-affdea3ce26feba0cb5989ce202e395d\">\n.avia-accordion.av-4bmm6-affdea3ce26feba0cb5989ce202e395d{\nmax-height:430px;\n}\n.avia-accordion.av-4bmm6-affdea3ce26feba0cb5989ce202e395d .aviaccordion-preview{\nwidth:17.1%;\n}\n#top .avia-accordion.av-4bmm6-affdea3ce26feba0cb5989ce202e395d .aviaccordion-title{\nfont-size:18px;\ncolor:#fffffff;\n}\n.avia-accordion .aviaccordion-slide.av-4bmm6-affdea3ce26feba0cb5989ce202e395d__0{\nleft:0%;\n}\n.avia-accordion .aviaccordion-slide.av-4bmm6-affdea3ce26feba0cb5989ce202e395d__1{\nleft:16.666666666667%;\n}\n.avia-accordion .aviaccordion-slide.av-4bmm6-affdea3ce26feba0cb5989ce202e395d__2{\nleft:33.333333333333%;\n}\n.avia-accordion .aviaccordion-slide.av-4bmm6-affdea3ce26feba0cb5989ce202e395d__3{\nleft:50%;\n}\n.avia-accordion .aviaccordion-slide.av-4bmm6-affdea3ce26feba0cb5989ce202e395d__4{\nleft:66.666666666667%;\n}\n.avia-accordion .aviaccordion-slide.av-4bmm6-affdea3ce26feba0cb5989ce202e395d__5{\nleft:83.333333333333%;\n}\n<\/style>\n<div  id=\"accordion_slider_1\"  class='aviaccordion avia-accordion av-4bmm6-affdea3ce26feba0cb5989ce202e395d aviaccordion-title-active av-slideshow-manual av-loop-once ' data-slideshow-options=\"{&quot;interval&quot;:5,&quot;autoplay&quot;:false,&quot;loop_autoplay&quot;:&quot;once&quot;}\"  itemscope=\"itemscope\" itemtype=\"https:\/\/schema.org\/Blog\" ><ul class=\"aviaccordion-inner\"><li class='aviaccordion-slide av-4bmm6-affdea3ce26feba0cb5989ce202e395d__0 aviaccordion-slide-1' data-av-left='0'  itemscope=\"itemscope\" itemtype=\"https:\/\/schema.org\/CreativeWork\" ><a class='aviaccordion-slide-link noHover' href=\"https:\/\/ismax.cat\/es\/plaques-solars\/\"  ><div class='aviaccordion-preview '><div class=\"aviaccordion-preview-title-pos\"><div class=\"aviaccordion-preview-title-wrap\"><div class=\"aviaccordion-preview-title\"><h3 class='aviaccordion-title '  itemprop=\"headline\" >PLACAS SOLARES<\/h3><\/div><\/div><\/div><\/div><img loading=\"lazy\" decoding=\"async\" width=\"1500\" height=\"430\" src=\"https:\/\/ismax.cat\/wp-content\/uploads\/2022\/05\/FotoAcordio-Plaques-Ismax-1500x430.jpg\" class=\"aviaccordion-image\" alt=\"Panelas solares ISMAX. Instalaci\u00f3n de paneles solares. Ahorro energ\u00e9tico con energ\u00eda solar.\" \/><\/a><\/li><li class='aviaccordion-slide av-4bmm6-affdea3ce26feba0cb5989ce202e395d__1 aviaccordion-slide-2' data-av-left='16.666666666667'  itemscope=\"itemscope\" itemtype=\"https:\/\/schema.org\/CreativeWork\" ><a class='aviaccordion-slide-link noHover' href=\"https:\/\/ismax.cat\/es\/climatitzacio-2\/\"  ><div class='aviaccordion-preview '><div class=\"aviaccordion-preview-title-pos\"><div class=\"aviaccordion-preview-title-wrap\"><div class=\"aviaccordion-preview-title\"><h3 class='aviaccordion-title '  itemprop=\"headline\" >AEROTERMIA Y AIRE ACONDICIONADO<\/h3><\/div><\/div><\/div><\/div><img loading=\"lazy\" decoding=\"async\" width=\"1500\" height=\"430\" src=\"https:\/\/ismax.cat\/wp-content\/uploads\/2022\/05\/FotoAcordio-Aerotermia-Ismax-1500x430.png\" class=\"aviaccordion-image\" alt=\"\" \/><\/a><\/li><li class='aviaccordion-slide av-4bmm6-affdea3ce26feba0cb5989ce202e395d__2 aviaccordion-slide-3' data-av-left='33.333333333333'  itemscope=\"itemscope\" itemtype=\"https:\/\/schema.org\/CreativeWork\" ><a class='aviaccordion-slide-link noHover' href=\"https:\/\/ismax.cat\/es\/instal%c2%b7lacions-electriques\/\"  ><div class='aviaccordion-preview '><div class=\"aviaccordion-preview-title-pos\"><div class=\"aviaccordion-preview-title-wrap\"><div class=\"aviaccordion-preview-title\"><h3 class='aviaccordion-title '  itemprop=\"headline\" >INSTALACIONES EL\u00c9CTRICAS<\/h3><\/div><\/div><\/div><\/div><img loading=\"lazy\" decoding=\"async\" width=\"1500\" height=\"430\" src=\"https:\/\/ismax.cat\/wp-content\/uploads\/2022\/05\/FotoAcordio-Electricitat-Ismax-1500x430.jpg\" class=\"aviaccordion-image\" alt=\"Mano con alicates cortante cable el\u00e9ctrico. ISMAX realiza instalaciones el\u00e9ctricas en el Maresme\" \/><\/a><\/li><li class='aviaccordion-slide av-4bmm6-affdea3ce26feba0cb5989ce202e395d__3 aviaccordion-slide-4' data-av-left='50'  itemscope=\"itemscope\" itemtype=\"https:\/\/schema.org\/CreativeWork\" ><a class='aviaccordion-slide-link noHover' href=\"https:\/\/ismax.cat\/es\/calefaccio-2\/\"  ><div class='aviaccordion-preview '><div class=\"aviaccordion-preview-title-pos\"><div class=\"aviaccordion-preview-title-wrap\"><div class=\"aviaccordion-preview-title\"><h3 class='aviaccordion-title '  itemprop=\"headline\" >CALEFACCI\u00d3N<\/h3><\/div><\/div><\/div><\/div><img loading=\"lazy\" decoding=\"async\" width=\"1500\" height=\"430\" src=\"https:\/\/ismax.cat\/wp-content\/uploads\/2022\/05\/FotoAcordio-Calefaccio\u0301-Ismax-1500x430.png\" class=\"aviaccordion-image\" alt=\"Suelo con tubos de calefacci\u00f3n radiante. ISMAX realiza instalaciones de calefacci\u00f3n y climatizaci\u00f3n\" \/><\/a><\/li><li class='aviaccordion-slide av-4bmm6-affdea3ce26feba0cb5989ce202e395d__4 aviaccordion-slide-5' data-av-left='66.666666666667'  itemscope=\"itemscope\" itemtype=\"https:\/\/schema.org\/CreativeWork\" ><a class='aviaccordion-slide-link noHover' href=\"https:\/\/ismax.cat\/es\/gas\/\"  ><div class='aviaccordion-preview '><div class=\"aviaccordion-preview-title-pos\"><div class=\"aviaccordion-preview-title-wrap\"><div class=\"aviaccordion-preview-title\"><h3 class='aviaccordion-title '  itemprop=\"headline\" >GAS<\/h3><\/div><\/div><\/div><\/div><img loading=\"lazy\" decoding=\"async\" width=\"1500\" height=\"430\" src=\"https:\/\/ismax.cat\/wp-content\/uploads\/2022\/05\/FotoAcordio-Gas-Ismax-1500x430.jpg\" class=\"aviaccordion-image\" alt=\"Fog\u00f3n de gas con fuego encendido. ISMAX, instalador autorizado gas en el Maresme y Barcelona\" \/><\/a><\/li><li class='aviaccordion-slide av-4bmm6-affdea3ce26feba0cb5989ce202e395d__5 aviaccordion-slide-6' data-av-left='83.333333333333'  itemscope=\"itemscope\" itemtype=\"https:\/\/schema.org\/CreativeWork\" ><a class='aviaccordion-slide-link noHover' href=\"https:\/\/ismax.cat\/es\/aigua\/\"  ><div class='aviaccordion-preview '><div class=\"aviaccordion-preview-title-pos\"><div class=\"aviaccordion-preview-title-wrap\"><div class=\"aviaccordion-preview-title\"><h3 class='aviaccordion-title '  itemprop=\"headline\" >AGUA<\/h3><\/div><\/div><\/div><\/div><img loading=\"lazy\" decoding=\"async\" width=\"1500\" height=\"430\" src=\"https:\/\/ismax.cat\/wp-content\/uploads\/2022\/05\/FotoAcordio-Aigua-Ismax-1500x430.png\" class=\"aviaccordion-image\" alt=\"Plato de ducha encendido. ISMAX instalaciones de agua para particulares y empresas en el Maresme\" \/><\/a><\/li><\/ul><div class='aviaccordion-spacer' style='padding-bottom:28.666666666667%'><\/div><\/div><\/div>\n","protected":false},"excerpt":{"rendered":"","protected":false},"author":1,"featured_media":0,"parent":0,"menu_order":0,"comment_status":"closed","ping_status":"closed","template":"","meta":{"footnotes":""},"class_list":["post-1047","page","type-page","status-publish","hentry"],"yoast_head":"<!-- This site is optimized with the Yoast SEO plugin v27.2 - https:\/\/yoast.com\/product\/yoast-seo-wordpress\/ -->\n<title>Servicios - Ismax<\/title>\n<meta name=\"robots\" content=\"index, follow, max-snippet:-1, max-image-preview:large, max-video-preview:-1\" \/>\n<link rel=\"canonical\" href=\"https:\/\/ismax.cat\/es\/servicios\/\" \/>\n<meta property=\"og:locale\" content=\"es_ES\" \/>\n<meta property=\"og:type\" content=\"article\" \/>\n<meta property=\"og:title\" content=\"Servicios - Ismax\" \/>\n<meta property=\"og:url\" content=\"https:\/\/ismax.cat\/es\/servicios\/\" \/>\n<meta property=\"og:site_name\" content=\"Ismax\" \/>\n<meta property=\"article:modified_time\" content=\"2025-04-14T13:17:30+00:00\" \/>\n<meta name=\"twitter:card\" content=\"summary_large_image\" \/>\n<meta name=\"twitter:label1\" content=\"Tiempo de lectura\" \/>\n\t<meta name=\"twitter:data1\" content=\"7 minutos\" \/>\n<script type=\"application\/ld+json\" class=\"yoast-schema-graph\">{\"@context\":\"https:\/\/schema.org\",\"@graph\":[{\"@type\":\"WebPage\",\"@id\":\"https:\/\/ismax.cat\/es\/servicios\/\",\"url\":\"https:\/\/ismax.cat\/es\/servicios\/\",\"name\":\"Servicios - Ismax\",\"isPartOf\":{\"@id\":\"https:\/\/ismax.cat\/es\/#website\"},\"datePublished\":\"2016-05-31T08:23:33+00:00\",\"dateModified\":\"2025-04-14T13:17:30+00:00\",\"breadcrumb\":{\"@id\":\"https:\/\/ismax.cat\/es\/servicios\/#breadcrumb\"},\"inLanguage\":\"es\",\"potentialAction\":[{\"@type\":\"ReadAction\",\"target\":[\"https:\/\/ismax.cat\/es\/servicios\/\"]}]},{\"@type\":\"BreadcrumbList\",\"@id\":\"https:\/\/ismax.cat\/es\/servicios\/#breadcrumb\",\"itemListElement\":[{\"@type\":\"ListItem\",\"position\":1,\"name\":\"Inici\",\"item\":\"https:\/\/ismax.cat\/es\/inici\/\"},{\"@type\":\"ListItem\",\"position\":2,\"name\":\"Servicios\"}]},{\"@type\":\"WebSite\",\"@id\":\"https:\/\/ismax.cat\/es\/#website\",\"url\":\"https:\/\/ismax.cat\/es\/\",\"name\":\"Ismax\",\"description\":\"Instal\u00b7lacions Ismax\",\"potentialAction\":[{\"@type\":\"SearchAction\",\"target\":{\"@type\":\"EntryPoint\",\"urlTemplate\":\"https:\/\/ismax.cat\/es\/?s={search_term_string}\"},\"query-input\":{\"@type\":\"PropertyValueSpecification\",\"valueRequired\":true,\"valueName\":\"search_term_string\"}}],\"inLanguage\":\"es\"}]}<\/script>\n<!-- \/ Yoast SEO plugin. -->","yoast_head_json":{"title":"Servicios - Ismax","robots":{"index":"index","follow":"follow","max-snippet":"max-snippet:-1","max-image-preview":"max-image-preview:large","max-video-preview":"max-video-preview:-1"},"canonical":"https:\/\/ismax.cat\/es\/servicios\/","og_locale":"es_ES","og_type":"article","og_title":"Servicios - Ismax","og_url":"https:\/\/ismax.cat\/es\/servicios\/","og_site_name":"Ismax","article_modified_time":"2025-04-14T13:17:30+00:00","twitter_card":"summary_large_image","twitter_misc":{"Tiempo de lectura":"7 minutos"},"schema":{"@context":"https:\/\/schema.org","@graph":[{"@type":"WebPage","@id":"https:\/\/ismax.cat\/es\/servicios\/","url":"https:\/\/ismax.cat\/es\/servicios\/","name":"Servicios - Ismax","isPartOf":{"@id":"https:\/\/ismax.cat\/es\/#website"},"datePublished":"2016-05-31T08:23:33+00:00","dateModified":"2025-04-14T13:17:30+00:00","breadcrumb":{"@id":"https:\/\/ismax.cat\/es\/servicios\/#breadcrumb"},"inLanguage":"es","potentialAction":[{"@type":"ReadAction","target":["https:\/\/ismax.cat\/es\/servicios\/"]}]},{"@type":"BreadcrumbList","@id":"https:\/\/ismax.cat\/es\/servicios\/#breadcrumb","itemListElement":[{"@type":"ListItem","position":1,"name":"Inici","item":"https:\/\/ismax.cat\/es\/inici\/"},{"@type":"ListItem","position":2,"name":"Servicios"}]},{"@type":"WebSite","@id":"https:\/\/ismax.cat\/es\/#website","url":"https:\/\/ismax.cat\/es\/","name":"Ismax","description":"Instal\u00b7lacions Ismax","potentialAction":[{"@type":"SearchAction","target":{"@type":"EntryPoint","urlTemplate":"https:\/\/ismax.cat\/es\/?s={search_term_string}"},"query-input":{"@type":"PropertyValueSpecification","valueRequired":true,"valueName":"search_term_string"}}],"inLanguage":"es"}]}},"_links":{"self":[{"href":"https:\/\/ismax.cat\/es\/wp-json\/wp\/v2\/pages\/1047","targetHints":{"allow":["GET"]}}],"collection":[{"href":"https:\/\/ismax.cat\/es\/wp-json\/wp\/v2\/pages"}],"about":[{"href":"https:\/\/ismax.cat\/es\/wp-json\/wp\/v2\/types\/page"}],"author":[{"embeddable":true,"href":"https:\/\/ismax.cat\/es\/wp-json\/wp\/v2\/users\/1"}],"replies":[{"embeddable":true,"href":"https:\/\/ismax.cat\/es\/wp-json\/wp\/v2\/comments?post=1047"}],"version-history":[{"count":7,"href":"https:\/\/ismax.cat\/es\/wp-json\/wp\/v2\/pages\/1047\/revisions"}],"predecessor-version":[{"id":1099,"href":"https:\/\/ismax.cat\/es\/wp-json\/wp\/v2\/pages\/1047\/revisions\/1099"}],"wp:attachment":[{"href":"https:\/\/ismax.cat\/es\/wp-json\/wp\/v2\/media?parent=1047"}],"curies":[{"name":"wp","href":"https:\/\/api.w.org\/{rel}","templated":true}]}}