{"id":1041,"date":"2016-07-13T11:50:40","date_gmt":"2016-07-13T11:50:40","guid":{"rendered":"https:\/\/ismax.cat\/contacte\/"},"modified":"2025-04-14T13:12:08","modified_gmt":"2025-04-14T13:12:08","slug":"contacto","status":"publish","type":"page","link":"https:\/\/ismax.cat\/es\/contacto\/","title":{"rendered":"Contacto"},"content":{"rendered":"<div  class='av_gmaps_sc_main_wrap av_gmaps_main_wrap '><div id='av_gmap_0' class='avia-google-map-container avia-google-map-sc av_gmaps_show_unconditionally av-no-fallback-img ' data-mapid='av_gmap_0'  style='height: 400px;'><a class=\"av_gmaps_browser_disabled av_text_confirm_link av_text_confirm_link_visible\" href=\"https:\/\/www.google.com\/maps\/search\/?api=1&#038;query=Carrer%20Uni\u00f3,%2042-44%2008302%20Matar\u00f3%20Barcelona%20Espa\u00f1a\" target=\"_blank\">Maps were disabled by the visitor on this site. Click to open the map in a new window.<\/a><\/div><\/div>\n\n<style type=\"text\/css\" data-created_by=\"avia_inline_auto\" id=\"style-css-av-l38tx2ou-93afe14cedcb4e2cf6b1ed5cc64f588a\">\n.avia-section.av-l38tx2ou-93afe14cedcb4e2cf6b1ed5cc64f588a{\nbackground-color:#ff8080;\nbackground-image:unset;\n}\n<\/style>\n<div id='av_section_1'  class='avia-section av-l38tx2ou-93afe14cedcb4e2cf6b1ed5cc64f588a main_color avia-section-small avia-no-border-styling  avia-builder-el-1  el_after_av_google_map  el_before_av_one_third  avia-bg-style-scroll container_wrap fullsize'  ><div class='container av-section-cont-open' ><div class='template-page content  av-content-full alpha units'><div class='post-entry post-entry-type-page post-entry-1041'><div class='entry-content-wrapper clearfix'>\n<div  class='flex_column av-lefl0-7274f5bd97853d3233127019ac5b9858 av_one_full  avia-builder-el-2  avia-builder-el-no-sibling  first flex_column_div  '     ><style type=\"text\/css\" data-created_by=\"avia_inline_auto\" id=\"style-css-av-l38txegd-63db5a9ed518820450c7f1b6197d1ecd\">\n#top .av_textblock_section.av-l38txegd-63db5a9ed518820450c7f1b6197d1ecd .avia_textblock{\ncolor:#ffffff;\n}\n<\/style>\n<section  class='av_textblock_section av-l38txegd-63db5a9ed518820450c7f1b6197d1ecd '   itemscope=\"itemscope\" itemtype=\"https:\/\/schema.org\/CreativeWork\" ><div class='avia_textblock av_inherit_color'  itemprop=\"text\" ><h1 style=\"text-align: center;\">CONTACTO<\/h1>\n<\/div><\/section><\/div>\n<\/div><\/div><\/div><!-- close content main div --><\/div><\/div><div id='after_section_1'  class='main_color av_default_container_wrap container_wrap fullsize'  ><div class='container av-section-cont-open' ><div class='template-page content  av-content-full alpha units'><div class='post-entry post-entry-type-page post-entry-1041'><div class='entry-content-wrapper clearfix'>\n<div  class='flex_column av-cypxw-41999f4006cad3407a808546d6e12914 av_one_third  avia-builder-el-4  el_after_av_section  el_before_av_two_third  avia-builder-el-first  first flex_column_div  '     ><style type=\"text\/css\" data-created_by=\"avia_inline_auto\" id=\"style-css-av-l39up8n7-d56942ff8c78f779b62a8ea5a67d3e98\">\n#top .av_textblock_section.av-l39up8n7-d56942ff8c78f779b62a8ea5a67d3e98 .avia_textblock{\nfont-size:23px;\n}\n<\/style>\n<section  class='av_textblock_section av-l39up8n7-d56942ff8c78f779b62a8ea5a67d3e98 '   itemscope=\"itemscope\" itemtype=\"https:\/\/schema.org\/CreativeWork\" ><div class='avia_textblock'  itemprop=\"text\" ><p style=\"text-align: center;\">Carrer Uni\u00f3, 42 &#8211; 44,<br \/>\n08302 Matar\u00f3, Barcelona<\/p>\n<p style=\"text-align: center;\"><strong><span aria-label=\"Llamar al n\u00famero de tel\u00e9fono 937 99 83 01\">Tel\u00e9fono de<br \/>\n<\/span><\/strong><strong><span aria-label=\"Llamar al n\u00famero de tel\u00e9fono 937 99 83 01\">contacto:<br \/>\n<\/span><\/strong><strong><span aria-label=\"Llamar al n\u00famero de tel\u00e9fono 937 99 83 01\">937 99 83 01<\/span><\/strong><\/p>\n<\/div><\/section><\/div><div  class='flex_column av-76yrw-ae5b4c8ad399320d1eb0a923408cae27 av_two_third  avia-builder-el-6  el_after_av_one_third  avia-builder-el-last  flex_column_div  '     ><form action=\"https:\/\/ismax.cat\/es\/contacto\/\" method=\"post\" data-fields-with-error=\"Found errors in the following field(s):\" class=\"avia_ajax_form av-form-labels-visible   avia-builder-el-7  avia-builder-el-no-sibling   \" data-avia-form-id=\"1\" data-avia-redirect='' ><h3 class=''>\u00bfNecesitas informaci\u00f3n? \u00a1Contacta con nosotros!<\/h3><fieldset><p class='  first_form  form_element form_fullwidth' id='element_avia_1_1'><label for=\"avia_1_1\">Nombre <abbr class=\"required\" title=\"requerido\">*<\/abbr><\/label> <input name=\"avia_1_1\" class=\"text_input is_empty\" type=\"text\" id=\"avia_1_1\" value=\"\" \/><\/p><p class='  first_form  form_element form_fullwidth' id='element_avia_2_1'><label for=\"avia_2_1\">Apellido <abbr class=\"required\" title=\"requerido\">*<\/abbr><\/label> <input name=\"avia_2_1\" class=\"text_input is_empty\" type=\"text\" id=\"avia_2_1\" value=\"\" \/><\/p><p class='  first_form  form_element form_fullwidth' id='element_avia_3_1'><label for=\"avia_3_1\">Correo electr\u00f3nico <abbr class=\"required\" title=\"requerido\">*<\/abbr><\/label> <input name=\"avia_3_1\" class=\"text_input is_email\" type=\"text\" id=\"avia_3_1\" value=\"\" \/><\/p><p class='  first_form  form_element form_fullwidth' id='element_avia_4_1'><label for=\"avia_4_1\">Asunto <abbr class=\"required\" title=\"requerido\">*<\/abbr><\/label> <input name=\"avia_4_1\" class=\"text_input is_empty\" type=\"text\" id=\"avia_4_1\" value=\"\" \/><\/p><p class='  first_form  form_element form_fullwidth' id='element_avia_5_1'><label for=\"avia_5_1\" class=\"textare_label hidden textare_label_avia_5_1\">Mensaje <abbr class=\"required\" title=\"requerido\">*<\/abbr><\/label><textarea  name=\"avia_5_1\" class=\"text_area is_empty\" cols=\"40\" rows=\"7\" id=\"avia_5_1\" ><\/textarea><\/p><p class=\"hidden\"><input type=\"text\" name=\"avia_6_1\" class=\"hidden \" id=\"avia_6_1\" value=\"\" \/><\/p><div id='avia_7_1' class='av-recaptcha-area  first_form  form_element form_fullwidth '  data-container_class=\"\" data-custom_class=\"\" data-context=\"av_contact_form\" data-token_input=\"av_recaptcha_token\" data-version=\"avia_recaptcha_v2\" data-theme=\"light\" data-size=\"normal\" data-score=\"0.5\" data-text_to_preview=\"\" data-value=\"\"><div class=\"av-google-badge-message hidden\">This site is protected by reCAPTCHA and the Google <a href=\"https:\/\/policies.google.com\/privacy\">Privacy Policy<\/a> and <a href=\"https:\/\/policies.google.com\/terms\">Terms of Service<\/a> apply.<\/div><\/div><p class=\"form_element \"><input type=\"hidden\" value=\"1\" name=\"avia_generated_form1\" \/><input type=\"submit\" value=\"Enviar\" class=\"button\"  data-sending-label=\"Enviando\"\/><\/p><\/fieldset><div class=\"avia-disabled-form\">Este formulario de contacto est\u00e1 desactivado porque rechazaste aceptar el servicio de Google reCaptcha, que es necesario para validar los mensajes enviados a trav\u00e9s del formulario.<\/div><\/form><div id=\"ajaxresponse_1\" class=\"ajaxresponse ajaxresponse_1 hidden\"><\/div><\/div><\/p>\n","protected":false},"excerpt":{"rendered":"","protected":false},"author":1,"featured_media":0,"parent":0,"menu_order":0,"comment_status":"closed","ping_status":"closed","template":"","meta":{"footnotes":""},"class_list":["post-1041","page","type-page","status-publish","hentry"],"yoast_head":"<!-- This site is optimized with the Yoast SEO plugin v27.2 - https:\/\/yoast.com\/product\/yoast-seo-wordpress\/ -->\n<title>Contacto - Ismax<\/title>\n<meta name=\"robots\" content=\"index, follow, max-snippet:-1, max-image-preview:large, max-video-preview:-1\" \/>\n<link rel=\"canonical\" href=\"https:\/\/ismax.cat\/es\/contacto\/\" \/>\n<meta property=\"og:locale\" content=\"es_ES\" \/>\n<meta property=\"og:type\" content=\"article\" \/>\n<meta property=\"og:title\" content=\"Contacto - Ismax\" \/>\n<meta property=\"og:url\" content=\"https:\/\/ismax.cat\/es\/contacto\/\" \/>\n<meta property=\"og:site_name\" content=\"Ismax\" \/>\n<meta property=\"article:modified_time\" content=\"2025-04-14T13:12:08+00:00\" \/>\n<meta name=\"twitter:card\" content=\"summary_large_image\" \/>\n<meta name=\"twitter:label1\" content=\"Tiempo de lectura\" \/>\n\t<meta name=\"twitter:data1\" content=\"8 minutos\" \/>\n<script type=\"application\/ld+json\" class=\"yoast-schema-graph\">{\"@context\":\"https:\/\/schema.org\",\"@graph\":[{\"@type\":\"WebPage\",\"@id\":\"https:\/\/ismax.cat\/es\/contacto\/\",\"url\":\"https:\/\/ismax.cat\/es\/contacto\/\",\"name\":\"Contacto - Ismax\",\"isPartOf\":{\"@id\":\"https:\/\/ismax.cat\/es\/#website\"},\"datePublished\":\"2016-07-13T11:50:40+00:00\",\"dateModified\":\"2025-04-14T13:12:08+00:00\",\"breadcrumb\":{\"@id\":\"https:\/\/ismax.cat\/es\/contacto\/#breadcrumb\"},\"inLanguage\":\"es\",\"potentialAction\":[{\"@type\":\"ReadAction\",\"target\":[\"https:\/\/ismax.cat\/es\/contacto\/\"]}]},{\"@type\":\"BreadcrumbList\",\"@id\":\"https:\/\/ismax.cat\/es\/contacto\/#breadcrumb\",\"itemListElement\":[{\"@type\":\"ListItem\",\"position\":1,\"name\":\"Inici\",\"item\":\"https:\/\/ismax.cat\/es\/inici\/\"},{\"@type\":\"ListItem\",\"position\":2,\"name\":\"Contacto\"}]},{\"@type\":\"WebSite\",\"@id\":\"https:\/\/ismax.cat\/es\/#website\",\"url\":\"https:\/\/ismax.cat\/es\/\",\"name\":\"Ismax\",\"description\":\"Instal\u00b7lacions Ismax\",\"potentialAction\":[{\"@type\":\"SearchAction\",\"target\":{\"@type\":\"EntryPoint\",\"urlTemplate\":\"https:\/\/ismax.cat\/es\/?s={search_term_string}\"},\"query-input\":{\"@type\":\"PropertyValueSpecification\",\"valueRequired\":true,\"valueName\":\"search_term_string\"}}],\"inLanguage\":\"es\"}]}<\/script>\n<!-- \/ Yoast SEO plugin. -->","yoast_head_json":{"title":"Contacto - Ismax","robots":{"index":"index","follow":"follow","max-snippet":"max-snippet:-1","max-image-preview":"max-image-preview:large","max-video-preview":"max-video-preview:-1"},"canonical":"https:\/\/ismax.cat\/es\/contacto\/","og_locale":"es_ES","og_type":"article","og_title":"Contacto - Ismax","og_url":"https:\/\/ismax.cat\/es\/contacto\/","og_site_name":"Ismax","article_modified_time":"2025-04-14T13:12:08+00:00","twitter_card":"summary_large_image","twitter_misc":{"Tiempo de lectura":"8 minutos"},"schema":{"@context":"https:\/\/schema.org","@graph":[{"@type":"WebPage","@id":"https:\/\/ismax.cat\/es\/contacto\/","url":"https:\/\/ismax.cat\/es\/contacto\/","name":"Contacto - Ismax","isPartOf":{"@id":"https:\/\/ismax.cat\/es\/#website"},"datePublished":"2016-07-13T11:50:40+00:00","dateModified":"2025-04-14T13:12:08+00:00","breadcrumb":{"@id":"https:\/\/ismax.cat\/es\/contacto\/#breadcrumb"},"inLanguage":"es","potentialAction":[{"@type":"ReadAction","target":["https:\/\/ismax.cat\/es\/contacto\/"]}]},{"@type":"BreadcrumbList","@id":"https:\/\/ismax.cat\/es\/contacto\/#breadcrumb","itemListElement":[{"@type":"ListItem","position":1,"name":"Inici","item":"https:\/\/ismax.cat\/es\/inici\/"},{"@type":"ListItem","position":2,"name":"Contacto"}]},{"@type":"WebSite","@id":"https:\/\/ismax.cat\/es\/#website","url":"https:\/\/ismax.cat\/es\/","name":"Ismax","description":"Instal\u00b7lacions Ismax","potentialAction":[{"@type":"SearchAction","target":{"@type":"EntryPoint","urlTemplate":"https:\/\/ismax.cat\/es\/?s={search_term_string}"},"query-input":{"@type":"PropertyValueSpecification","valueRequired":true,"valueName":"search_term_string"}}],"inLanguage":"es"}]}},"_links":{"self":[{"href":"https:\/\/ismax.cat\/es\/wp-json\/wp\/v2\/pages\/1041","targetHints":{"allow":["GET"]}}],"collection":[{"href":"https:\/\/ismax.cat\/es\/wp-json\/wp\/v2\/pages"}],"about":[{"href":"https:\/\/ismax.cat\/es\/wp-json\/wp\/v2\/types\/page"}],"author":[{"embeddable":true,"href":"https:\/\/ismax.cat\/es\/wp-json\/wp\/v2\/users\/1"}],"replies":[{"embeddable":true,"href":"https:\/\/ismax.cat\/es\/wp-json\/wp\/v2\/comments?post=1041"}],"version-history":[{"count":3,"href":"https:\/\/ismax.cat\/es\/wp-json\/wp\/v2\/pages\/1041\/revisions"}],"predecessor-version":[{"id":1093,"href":"https:\/\/ismax.cat\/es\/wp-json\/wp\/v2\/pages\/1041\/revisions\/1093"}],"wp:attachment":[{"href":"https:\/\/ismax.cat\/es\/wp-json\/wp\/v2\/media?parent=1041"}],"curies":[{"name":"wp","href":"https:\/\/api.w.org\/{rel}","templated":true}]}}