{"id":1040,"date":"2016-07-13T12:40:21","date_gmt":"2016-07-13T12:40:21","guid":{"rendered":"https:\/\/ismax.cat\/climatitzacio-2\/"},"modified":"2025-12-31T11:23:37","modified_gmt":"2025-12-31T11:23:37","slug":"climatizacionaerotermia","status":"publish","type":"page","link":"https:\/\/ismax.cat\/es\/climatizacionaerotermia\/","title":{"rendered":"Aerotermia"},"content":{"rendered":"<div id='full_slider_1'  class='avia-fullwidth-slider main_color avia-shadow   avia-builder-el-0  el_before_av_section  avia-builder-el-first   container_wrap fullsize'  ><div  class='avia-slideshow av-l38kh319-0deab810eb9eb6399ef61ca60d348f46 avia-slideshow-featured av_slideshow_full avia-slide-slider av-slideshow-ui av-control-default av-slideshow-manual av-loop-once av-loop-manual-endless av-default-height-applied   avia-slideshow-1' data-slideshow-options=\"{&quot;animation&quot;:&quot;slide&quot;,&quot;autoplay&quot;:false,&quot;loop_autoplay&quot;:&quot;once&quot;,&quot;interval&quot;:5,&quot;loop_manual&quot;:&quot;manual-endless&quot;,&quot;autoplay_stopper&quot;:false,&quot;noNavigation&quot;:false,&quot;bg_slider&quot;:false,&quot;keep_padding&quot;:false,&quot;hoverpause&quot;:false,&quot;show_slide_delay&quot;:0}\"  itemprop=\"image\" itemscope=\"itemscope\" itemtype=\"https:\/\/schema.org\/ImageObject\" ><ul class='avia-slideshow-inner ' style='padding-bottom: 28.666666666667%;'><li  class='avia-slideshow-slide av-l38kh319-0deab810eb9eb6399ef61ca60d348f46__0  av-single-slide slide-1 slide-odd'><div data-rel='slideshow-1' class='avia-slide-wrap '   ><img decoding=\"async\" fetchpriority=\"high\" class=\"wp-image-1033 avia-img-lazy-loading-not-1033\"  src=\"https:\/\/ismax.cat\/wp-content\/uploads\/2022\/05\/FosoSlider-Aerotermia-Ismax-1500x430.png\" width=\"1500\" height=\"430\" title='' alt='Calderas de condensaci\u00f3n. ISMAX ofrece instalaci\u00f3n de calefacci\u00f3n con aerotermia en el Maresme'  itemprop=\"thumbnailUrl\" srcset=\"https:\/\/ismax.cat\/wp-content\/uploads\/2022\/05\/FosoSlider-Aerotermia-Ismax.png 1500w, https:\/\/ismax.cat\/wp-content\/uploads\/2022\/05\/FosoSlider-Aerotermia-Ismax-300x86.png 300w, https:\/\/ismax.cat\/wp-content\/uploads\/2022\/05\/FosoSlider-Aerotermia-Ismax-1030x295.png 1030w, https:\/\/ismax.cat\/wp-content\/uploads\/2022\/05\/FosoSlider-Aerotermia-Ismax-768x220.png 768w, https:\/\/ismax.cat\/wp-content\/uploads\/2022\/05\/FosoSlider-Aerotermia-Ismax-705x202.png 705w\" sizes=\"(max-width: 1500px) 100vw, 1500px\" \/><\/div><\/li><\/ul><\/div><\/div>\n\n<style type=\"text\/css\" data-created_by=\"avia_inline_auto\" id=\"style-css-av-l38kg18d-8347d34ee5c0b7c855d761ced81f8e2f\">\n.avia-section.av-l38kg18d-8347d34ee5c0b7c855d761ced81f8e2f{\nbackground-color:#ff8080;\nbackground-image:unset;\n}\n<\/style>\n<div id='av_section_1'  class='avia-section av-l38kg18d-8347d34ee5c0b7c855d761ced81f8e2f main_color avia-section-default avia-no-border-styling  avia-builder-el-1  el_after_av_slideshow_full  el_before_av_section  avia-bg-style-scroll container_wrap fullsize'  ><div class='container av-section-cont-open' ><div class='template-page content  av-content-full alpha units'><div class='post-entry post-entry-type-page post-entry-1040'><div class='entry-content-wrapper clearfix'>\n<div  class='flex_column av-muboi-89329be28c3c2f5671c9eeec808a8233 av_one_full  avia-builder-el-2  avia-builder-el-no-sibling  first flex_column_div  '     ><style type=\"text\/css\" data-created_by=\"avia_inline_auto\" id=\"style-css-av-l38kglm9-662f2f7c280726b76c06f55eef901ec7\">\n#top .av_textblock_section.av-l38kglm9-662f2f7c280726b76c06f55eef901ec7 .avia_textblock{\ncolor:#ffffff;\n}\n<\/style>\n<section  class='av_textblock_section av-l38kglm9-662f2f7c280726b76c06f55eef901ec7 '   itemscope=\"itemscope\" itemtype=\"https:\/\/schema.org\/CreativeWork\" ><div class='avia_textblock av_inherit_color'  itemprop=\"text\" ><h1 style=\"text-align: center;\">AEROTERMIA<\/h1>\n<\/div><\/section><\/div>\n\n<\/div><\/div><\/div><!-- close content main div --><\/div><\/div><div id='av_section_2'  class='avia-section av-gfeeq-aee58bdeed7a62112c5ab27c2f8cf636 main_color avia-section-default avia-no-border-styling  avia-builder-el-4  el_after_av_section  avia-builder-el-last  avia-bg-style-scroll container_wrap fullsize'  ><div class='container av-section-cont-open' ><div class='template-page content  av-content-full alpha units'><div class='post-entry post-entry-type-page post-entry-1040'><div class='entry-content-wrapper clearfix'>\n<div class='flex_column_table av-l38kf2o0-4531cdac4e2cc67a7af94e7351f1c582 sc-av_one_third av-equal-height-column-flextable'><div  class='flex_column av-l38kf2o0-4531cdac4e2cc67a7af94e7351f1c582 av_one_third  avia-builder-el-5  el_before_av_two_third  avia-builder-el-first  first flex_column_table_cell av-equal-height-column av-align-middle  '     ><style type=\"text\/css\" data-created_by=\"avia_inline_auto\" id=\"style-css-av-l38ketgn-08c6663e93a411526fc9a96a6e04a4dc\">\n.avia-image-container.av-l38ketgn-08c6663e93a411526fc9a96a6e04a4dc img.avia_image{\nbox-shadow:none;\n}\n.avia-image-container.av-l38ketgn-08c6663e93a411526fc9a96a6e04a4dc .av-image-caption-overlay-center{\ncolor:#ffffff;\n}\n<\/style>\n<div  class='avia-image-container av-l38ketgn-08c6663e93a411526fc9a96a6e04a4dc av-styling- avia-align-center  avia-builder-el-6  avia-builder-el-no-sibling '   itemprop=\"image\" itemscope=\"itemscope\" itemtype=\"https:\/\/schema.org\/ImageObject\" ><div class=\"avia-image-container-inner\"><div class=\"avia-image-overlay-wrap\"><img decoding=\"async\" fetchpriority=\"high\" class='wp-image-983 avia-img-lazy-loading-not-983 avia_image ' src=\"https:\/\/ismax.cat\/wp-content\/uploads\/2022\/05\/PictoInterior-Aerotermia-Ismax-180x180.png\" alt='Icono copo de nieve. ISMAX realiza instalaciones el\u00e9ctricas, aerotermia y placas solar Matar\u00f3' title=''  height=\"180\" width=\"180\"  itemprop=\"thumbnailUrl\" srcset=\"https:\/\/ismax.cat\/wp-content\/uploads\/2022\/05\/PictoInterior-Aerotermia-Ismax-180x180.png 180w, https:\/\/ismax.cat\/wp-content\/uploads\/2022\/05\/PictoInterior-Aerotermia-Ismax-300x300.png 300w, https:\/\/ismax.cat\/wp-content\/uploads\/2022\/05\/PictoInterior-Aerotermia-Ismax-80x80.png 80w, https:\/\/ismax.cat\/wp-content\/uploads\/2022\/05\/PictoInterior-Aerotermia-Ismax-36x36.png 36w, https:\/\/ismax.cat\/wp-content\/uploads\/2022\/05\/PictoInterior-Aerotermia-Ismax.png 567w\" sizes=\"(max-width: 180px) 100vw, 180px\" \/><\/div><\/div><\/div><\/div><div class='av-flex-placeholder'><\/div><div  class='flex_column av-6ocai-79d056d0b331e12f3a976ddb5808be99 av_two_third  avia-builder-el-7  el_after_av_one_third  el_before_av_one_full  flex_column_table_cell av-equal-height-column av-align-middle  '     ><style type=\"text\/css\" data-created_by=\"avia_inline_auto\" id=\"style-css-av-l38ke7i2-4b999e99ca4aa4dfe546155c3f838065\">\n#top .av_textblock_section.av-l38ke7i2-4b999e99ca4aa4dfe546155c3f838065 .avia_textblock{\nfont-size:17px;\n}\n<\/style>\n<section  class='av_textblock_section av-l38ke7i2-4b999e99ca4aa4dfe546155c3f838065 '   itemscope=\"itemscope\" itemtype=\"https:\/\/schema.org\/CreativeWork\" ><div class='avia_textblock'  itemprop=\"text\" ><h2>Sistema climatizaci\u00f3n aerotermia<\/h2>\n<p>Llamamos aerotermia al sistema de climatizaci\u00f3n con el que se utiliza el principio del aire acondicionado bomba de calor en el que se puede considerar una energ\u00eda de fuentes renovables ya que saca provecho de la energ\u00eda contenida en el aire que nos rodea para utilizarla para diferentes finalidades. Actualmente la aerotermia puede utilizarse para producir agua caliente sanitaria y tambi\u00e9n para climatizar viviendas o espacios cerrados. Gracias a que la energ\u00eda que contiene el aire exterior en forma de temperatura, est\u00e1 disponible y es virtualmente inagotable, ya que es capaz de regenerarse por medios naturales (calentamiento por la energ\u00eda del sol), ayuda al sistema a que la energ\u00eda que absorbe la m\u00e1quina sea mucho menos y por tanto se puede considerar la aerotermia como una energ\u00eda renovable. Utilizando esta energ\u00eda se consigue producir calor y agua caliente de forma menos contaminante ya que funciona con electricidad y no es necesario utilizar combustibles f\u00f3siles.<\/p>\n<\/div><\/section><\/div><\/div><!--close column table wrapper. Autoclose: 1 --><div  class='flex_column av-8x2xe-f8b76e1ad52d20b4b592ae43e21517dd av_one_full  avia-builder-el-9  el_after_av_two_third  avia-builder-el-last  first flex_column_div  column-top-margin'     ><div id='av-masonry-1' class='av-masonry av-l38kkzyt-689c6d16c8cf5cefd54ab2771c9e21bf noHover av-fixed-size av-large-gap av-hover-overlay- av-masonry-animation- av-masonry-col-6 av-caption-always av-caption-style- av-masonry-gallery av-orientation-square ' data-post_id=\"1040\"><div class=\"av-masonry-container isotope av-js-disabled\"><div class='av-masonry-entry isotope-item av-masonry-item-no-image '><\/div><a href=\"https:\/\/ismax.cat\/wp-content\/uploads\/2022\/05\/WhatsApp-Image-2022-04-28-at-11.01.23-AM-1030x579.jpeg\" data-srcset=\"https:\/\/ismax.cat\/wp-content\/uploads\/2022\/05\/WhatsApp-Image-2022-04-28-at-11.01.23-AM-1030x579.jpeg 1030w, https:\/\/ismax.cat\/wp-content\/uploads\/2022\/05\/WhatsApp-Image-2022-04-28-at-11.01.23-AM-300x169.jpeg 300w, https:\/\/ismax.cat\/wp-content\/uploads\/2022\/05\/WhatsApp-Image-2022-04-28-at-11.01.23-AM-768x432.jpeg 768w, https:\/\/ismax.cat\/wp-content\/uploads\/2022\/05\/WhatsApp-Image-2022-04-28-at-11.01.23-AM-1536x864.jpeg 1536w, https:\/\/ismax.cat\/wp-content\/uploads\/2022\/05\/WhatsApp-Image-2022-04-28-at-11.01.23-AM-1500x844.jpeg 1500w, https:\/\/ismax.cat\/wp-content\/uploads\/2022\/05\/WhatsApp-Image-2022-04-28-at-11.01.23-AM-705x397.jpeg 705w, https:\/\/ismax.cat\/wp-content\/uploads\/2022\/05\/WhatsApp-Image-2022-04-28-at-11.01.23-AM.jpeg 2016w\" data-sizes=\"(max-width: 1030px) 100vw, 1030px\"  aria-label=\"image image with no title\"  id='av-masonry-1-item-956' data-av-masonry-item='956' class='av-masonry-entry isotope-item post-956 attachment type-attachment status-inherit hentry  av-masonry-item-with-image' title=\"\" alt=\"\"    itemprop=\"thumbnailUrl\" ><div class='av-inner-masonry-sizer'><\/div><figure class='av-inner-masonry main_color'><div class=\"av-masonry-outerimage-container\"><div class='av-masonry-image-container' style=\"background-image: url(https:\/\/ismax.cat\/wp-content\/uploads\/2022\/05\/WhatsApp-Image-2022-04-28-at-11.01.23-AM-300x169.jpeg);\" ><\/div><\/div><\/figure><\/a><!--end av-masonry entry--><a href=\"https:\/\/ismax.cat\/wp-content\/uploads\/2022\/05\/20211103_205753-579x1030.jpg\" data-srcset=\"https:\/\/ismax.cat\/wp-content\/uploads\/2022\/05\/20211103_205753-579x1030.jpg 579w, https:\/\/ismax.cat\/wp-content\/uploads\/2022\/05\/20211103_205753-169x300.jpg 169w, https:\/\/ismax.cat\/wp-content\/uploads\/2022\/05\/20211103_205753-768x1365.jpg 768w, https:\/\/ismax.cat\/wp-content\/uploads\/2022\/05\/20211103_205753-864x1536.jpg 864w, https:\/\/ismax.cat\/wp-content\/uploads\/2022\/05\/20211103_205753-1152x2048.jpg 1152w, https:\/\/ismax.cat\/wp-content\/uploads\/2022\/05\/20211103_205753-844x1500.jpg 844w, https:\/\/ismax.cat\/wp-content\/uploads\/2022\/05\/20211103_205753-397x705.jpg 397w, https:\/\/ismax.cat\/wp-content\/uploads\/2022\/05\/20211103_205753-scaled.jpg 1440w\" data-sizes=\"(max-width: 579px) 100vw, 579px\"  aria-label=\"image image with no title\"  id='av-masonry-1-item-961' data-av-masonry-item='961' class='av-masonry-entry isotope-item post-961 attachment type-attachment status-inherit hentry  av-masonry-item-with-image' title=\"\" alt=\"\"    itemprop=\"thumbnailUrl\" ><div class='av-inner-masonry-sizer'><\/div><figure class='av-inner-masonry main_color'><div class=\"av-masonry-outerimage-container\"><div class='av-masonry-image-container' style=\"background-image: url(https:\/\/ismax.cat\/wp-content\/uploads\/2022\/05\/20211103_205753-169x300.jpg);\" ><\/div><\/div><\/figure><\/a><!--end av-masonry entry--><a href=\"https:\/\/ismax.cat\/wp-content\/uploads\/2022\/05\/WhatsApp-Image-2022-04-28-at-11.22.22-AM-5-1030x579.jpeg\" data-srcset=\"https:\/\/ismax.cat\/wp-content\/uploads\/2022\/05\/WhatsApp-Image-2022-04-28-at-11.22.22-AM-5-1030x579.jpeg 1030w, https:\/\/ismax.cat\/wp-content\/uploads\/2022\/05\/WhatsApp-Image-2022-04-28-at-11.22.22-AM-5-300x169.jpeg 300w, https:\/\/ismax.cat\/wp-content\/uploads\/2022\/05\/WhatsApp-Image-2022-04-28-at-11.22.22-AM-5-768x432.jpeg 768w, https:\/\/ismax.cat\/wp-content\/uploads\/2022\/05\/WhatsApp-Image-2022-04-28-at-11.22.22-AM-5-1536x864.jpeg 1536w, https:\/\/ismax.cat\/wp-content\/uploads\/2022\/05\/WhatsApp-Image-2022-04-28-at-11.22.22-AM-5-1500x844.jpeg 1500w, https:\/\/ismax.cat\/wp-content\/uploads\/2022\/05\/WhatsApp-Image-2022-04-28-at-11.22.22-AM-5-705x397.jpeg 705w, https:\/\/ismax.cat\/wp-content\/uploads\/2022\/05\/WhatsApp-Image-2022-04-28-at-11.22.22-AM-5.jpeg 2016w\" data-sizes=\"(max-width: 1030px) 100vw, 1030px\"  aria-label=\"image image with no title\"  id='av-masonry-1-item-957' data-av-masonry-item='957' class='av-masonry-entry isotope-item post-957 attachment type-attachment status-inherit hentry  av-masonry-item-with-image' title=\"\" alt=\"\"    itemprop=\"thumbnailUrl\" ><div class='av-inner-masonry-sizer'><\/div><figure class='av-inner-masonry main_color'><div class=\"av-masonry-outerimage-container\"><div class='av-masonry-image-container' style=\"background-image: url(https:\/\/ismax.cat\/wp-content\/uploads\/2022\/05\/WhatsApp-Image-2022-04-28-at-11.22.22-AM-5-300x169.jpeg);\" ><\/div><\/div><\/figure><\/a><!--end av-masonry entry--><a href=\"https:\/\/ismax.cat\/wp-content\/uploads\/2022\/05\/26b6cf4c-b341-4ebe-b49f-752b04d15df0-1030x773.jpg\" data-srcset=\"https:\/\/ismax.cat\/wp-content\/uploads\/2022\/05\/26b6cf4c-b341-4ebe-b49f-752b04d15df0-1030x773.jpg 1030w, https:\/\/ismax.cat\/wp-content\/uploads\/2022\/05\/26b6cf4c-b341-4ebe-b49f-752b04d15df0-300x225.jpg 300w, https:\/\/ismax.cat\/wp-content\/uploads\/2022\/05\/26b6cf4c-b341-4ebe-b49f-752b04d15df0-768x576.jpg 768w, https:\/\/ismax.cat\/wp-content\/uploads\/2022\/05\/26b6cf4c-b341-4ebe-b49f-752b04d15df0-1536x1152.jpg 1536w, https:\/\/ismax.cat\/wp-content\/uploads\/2022\/05\/26b6cf4c-b341-4ebe-b49f-752b04d15df0-1500x1125.jpg 1500w, https:\/\/ismax.cat\/wp-content\/uploads\/2022\/05\/26b6cf4c-b341-4ebe-b49f-752b04d15df0-705x529.jpg 705w, https:\/\/ismax.cat\/wp-content\/uploads\/2022\/05\/26b6cf4c-b341-4ebe-b49f-752b04d15df0.jpg 2016w\" data-sizes=\"(max-width: 1030px) 100vw, 1030px\"  aria-label=\"image image with no title\"  id='av-masonry-1-item-955' data-av-masonry-item='955' class='av-masonry-entry isotope-item post-955 attachment type-attachment status-inherit hentry  av-masonry-item-with-image' title=\"\" alt=\"\"    itemprop=\"thumbnailUrl\" ><div class='av-inner-masonry-sizer'><\/div><figure class='av-inner-masonry main_color'><div class=\"av-masonry-outerimage-container\"><div class='av-masonry-image-container' style=\"background-image: url(https:\/\/ismax.cat\/wp-content\/uploads\/2022\/05\/26b6cf4c-b341-4ebe-b49f-752b04d15df0-300x225.jpg);\" ><\/div><\/div><\/figure><\/a><!--end av-masonry entry--><a href=\"https:\/\/ismax.cat\/wp-content\/uploads\/2022\/05\/WhatsApp-Image-2022-04-28-at-11.22.24-AM-1-1030x579.jpeg\" data-srcset=\"https:\/\/ismax.cat\/wp-content\/uploads\/2022\/05\/WhatsApp-Image-2022-04-28-at-11.22.24-AM-1-1030x579.jpeg 1030w, https:\/\/ismax.cat\/wp-content\/uploads\/2022\/05\/WhatsApp-Image-2022-04-28-at-11.22.24-AM-1-300x169.jpeg 300w, https:\/\/ismax.cat\/wp-content\/uploads\/2022\/05\/WhatsApp-Image-2022-04-28-at-11.22.24-AM-1-768x432.jpeg 768w, https:\/\/ismax.cat\/wp-content\/uploads\/2022\/05\/WhatsApp-Image-2022-04-28-at-11.22.24-AM-1-1536x864.jpeg 1536w, https:\/\/ismax.cat\/wp-content\/uploads\/2022\/05\/WhatsApp-Image-2022-04-28-at-11.22.24-AM-1-1500x844.jpeg 1500w, https:\/\/ismax.cat\/wp-content\/uploads\/2022\/05\/WhatsApp-Image-2022-04-28-at-11.22.24-AM-1-705x397.jpeg 705w, https:\/\/ismax.cat\/wp-content\/uploads\/2022\/05\/WhatsApp-Image-2022-04-28-at-11.22.24-AM-1.jpeg 2016w\" data-sizes=\"(max-width: 1030px) 100vw, 1030px\"  aria-label=\"image image with no title\"  id='av-masonry-1-item-958' data-av-masonry-item='958' class='av-masonry-entry isotope-item post-958 attachment type-attachment status-inherit hentry  av-masonry-item-with-image' title=\"\" alt=\"\"    itemprop=\"thumbnailUrl\" ><div class='av-inner-masonry-sizer'><\/div><figure class='av-inner-masonry main_color'><div class=\"av-masonry-outerimage-container\"><div class='av-masonry-image-container' style=\"background-image: url(https:\/\/ismax.cat\/wp-content\/uploads\/2022\/05\/WhatsApp-Image-2022-04-28-at-11.22.24-AM-1-300x169.jpeg);\" ><\/div><\/div><\/figure><\/a><!--end av-masonry entry--><a href=\"https:\/\/ismax.cat\/wp-content\/uploads\/2022\/05\/WhatsApp-Image-2022-04-28-at-11.22.25-AM-6-1030x773.jpeg\" data-srcset=\"https:\/\/ismax.cat\/wp-content\/uploads\/2022\/05\/WhatsApp-Image-2022-04-28-at-11.22.25-AM-6-1030x773.jpeg 1030w, https:\/\/ismax.cat\/wp-content\/uploads\/2022\/05\/WhatsApp-Image-2022-04-28-at-11.22.25-AM-6-300x225.jpeg 300w, https:\/\/ismax.cat\/wp-content\/uploads\/2022\/05\/WhatsApp-Image-2022-04-28-at-11.22.25-AM-6-768x576.jpeg 768w, https:\/\/ismax.cat\/wp-content\/uploads\/2022\/05\/WhatsApp-Image-2022-04-28-at-11.22.25-AM-6-1536x1152.jpeg 1536w, https:\/\/ismax.cat\/wp-content\/uploads\/2022\/05\/WhatsApp-Image-2022-04-28-at-11.22.25-AM-6-1500x1125.jpeg 1500w, https:\/\/ismax.cat\/wp-content\/uploads\/2022\/05\/WhatsApp-Image-2022-04-28-at-11.22.25-AM-6-705x529.jpeg 705w, https:\/\/ismax.cat\/wp-content\/uploads\/2022\/05\/WhatsApp-Image-2022-04-28-at-11.22.25-AM-6.jpeg 2016w\" data-sizes=\"(max-width: 1030px) 100vw, 1030px\"  aria-label=\"image image with no title\"  id='av-masonry-1-item-960' data-av-masonry-item='960' class='av-masonry-entry isotope-item post-960 attachment type-attachment status-inherit hentry  av-masonry-item-with-image' title=\"\" alt=\"\"    itemprop=\"thumbnailUrl\" ><div class='av-inner-masonry-sizer'><\/div><figure class='av-inner-masonry main_color'><div class=\"av-masonry-outerimage-container\"><div class='av-masonry-image-container' style=\"background-image: url(https:\/\/ismax.cat\/wp-content\/uploads\/2022\/05\/WhatsApp-Image-2022-04-28-at-11.22.25-AM-6-300x225.jpeg);\" ><\/div><\/div><\/figure><\/a><!--end av-masonry entry--><\/div><\/div><\/div>\n","protected":false},"excerpt":{"rendered":"","protected":false},"author":1,"featured_media":0,"parent":0,"menu_order":0,"comment_status":"closed","ping_status":"closed","template":"","meta":{"footnotes":""},"class_list":["post-1040","page","type-page","status-publish","hentry"],"yoast_head":"<!-- This site is optimized with the Yoast SEO plugin v27.2 - https:\/\/yoast.com\/product\/yoast-seo-wordpress\/ -->\n<title>Aerotermia y climatizaci\u00f3n | ISMAX<\/title>\n<meta name=\"description\" content=\"Con aerotermia y aire acondicionado de ISMAX Matar\u00f3 obtienes calefacci\u00f3n, climatizaci\u00f3n y refrigeraci\u00f3n de forma sostenible y energ\u00e9ticamente eficiente.\" \/>\n<meta name=\"robots\" content=\"index, follow, max-snippet:-1, max-image-preview:large, max-video-preview:-1\" \/>\n<link rel=\"canonical\" href=\"https:\/\/ismax.cat\/es\/climatizacionaerotermia\/\" \/>\n<meta property=\"og:locale\" content=\"es_ES\" \/>\n<meta property=\"og:type\" content=\"article\" \/>\n<meta property=\"og:title\" content=\"Aerotermia y climatizaci\u00f3n | ISMAX\" \/>\n<meta property=\"og:description\" content=\"Con aerotermia y aire acondicionado de ISMAX Matar\u00f3 obtienes calefacci\u00f3n, climatizaci\u00f3n y refrigeraci\u00f3n de forma sostenible y energ\u00e9ticamente eficiente.\" \/>\n<meta property=\"og:url\" content=\"https:\/\/ismax.cat\/es\/climatizacionaerotermia\/\" \/>\n<meta property=\"og:site_name\" content=\"Ismax\" \/>\n<meta property=\"article:modified_time\" content=\"2025-12-31T11:23:37+00:00\" \/>\n<meta name=\"twitter:card\" content=\"summary_large_image\" \/>\n<meta name=\"twitter:label1\" content=\"Tiempo de lectura\" \/>\n\t<meta name=\"twitter:data1\" content=\"2 minutos\" \/>\n<script type=\"application\/ld+json\" class=\"yoast-schema-graph\">{\"@context\":\"https:\/\/schema.org\",\"@graph\":[{\"@type\":\"WebPage\",\"@id\":\"https:\/\/ismax.cat\/es\/climatizacionaerotermia\/\",\"url\":\"https:\/\/ismax.cat\/es\/climatizacionaerotermia\/\",\"name\":\"Aerotermia y climatizaci\u00f3n | ISMAX\",\"isPartOf\":{\"@id\":\"https:\/\/ismax.cat\/es\/#website\"},\"datePublished\":\"2016-07-13T12:40:21+00:00\",\"dateModified\":\"2025-12-31T11:23:37+00:00\",\"description\":\"Con aerotermia y aire acondicionado de ISMAX Matar\u00f3 obtienes calefacci\u00f3n, climatizaci\u00f3n y refrigeraci\u00f3n de forma sostenible y energ\u00e9ticamente eficiente.\",\"breadcrumb\":{\"@id\":\"https:\/\/ismax.cat\/es\/climatizacionaerotermia\/#breadcrumb\"},\"inLanguage\":\"es\",\"potentialAction\":[{\"@type\":\"ReadAction\",\"target\":[\"https:\/\/ismax.cat\/es\/climatizacionaerotermia\/\"]}]},{\"@type\":\"BreadcrumbList\",\"@id\":\"https:\/\/ismax.cat\/es\/climatizacionaerotermia\/#breadcrumb\",\"itemListElement\":[{\"@type\":\"ListItem\",\"position\":1,\"name\":\"Inici\",\"item\":\"https:\/\/ismax.cat\/es\/inici\/\"},{\"@type\":\"ListItem\",\"position\":2,\"name\":\"Aerotermia\"}]},{\"@type\":\"WebSite\",\"@id\":\"https:\/\/ismax.cat\/es\/#website\",\"url\":\"https:\/\/ismax.cat\/es\/\",\"name\":\"Ismax\",\"description\":\"Instal\u00b7lacions Ismax\",\"potentialAction\":[{\"@type\":\"SearchAction\",\"target\":{\"@type\":\"EntryPoint\",\"urlTemplate\":\"https:\/\/ismax.cat\/es\/?s={search_term_string}\"},\"query-input\":{\"@type\":\"PropertyValueSpecification\",\"valueRequired\":true,\"valueName\":\"search_term_string\"}}],\"inLanguage\":\"es\"}]}<\/script>\n<!-- \/ Yoast SEO plugin. -->","yoast_head_json":{"title":"Aerotermia y climatizaci\u00f3n | ISMAX","description":"Con aerotermia y aire acondicionado de ISMAX Matar\u00f3 obtienes calefacci\u00f3n, climatizaci\u00f3n y refrigeraci\u00f3n de forma sostenible y energ\u00e9ticamente eficiente.","robots":{"index":"index","follow":"follow","max-snippet":"max-snippet:-1","max-image-preview":"max-image-preview:large","max-video-preview":"max-video-preview:-1"},"canonical":"https:\/\/ismax.cat\/es\/climatizacionaerotermia\/","og_locale":"es_ES","og_type":"article","og_title":"Aerotermia y climatizaci\u00f3n | ISMAX","og_description":"Con aerotermia y aire acondicionado de ISMAX Matar\u00f3 obtienes calefacci\u00f3n, climatizaci\u00f3n y refrigeraci\u00f3n de forma sostenible y energ\u00e9ticamente eficiente.","og_url":"https:\/\/ismax.cat\/es\/climatizacionaerotermia\/","og_site_name":"Ismax","article_modified_time":"2025-12-31T11:23:37+00:00","twitter_card":"summary_large_image","twitter_misc":{"Tiempo de lectura":"2 minutos"},"schema":{"@context":"https:\/\/schema.org","@graph":[{"@type":"WebPage","@id":"https:\/\/ismax.cat\/es\/climatizacionaerotermia\/","url":"https:\/\/ismax.cat\/es\/climatizacionaerotermia\/","name":"Aerotermia y climatizaci\u00f3n | ISMAX","isPartOf":{"@id":"https:\/\/ismax.cat\/es\/#website"},"datePublished":"2016-07-13T12:40:21+00:00","dateModified":"2025-12-31T11:23:37+00:00","description":"Con aerotermia y aire acondicionado de ISMAX Matar\u00f3 obtienes calefacci\u00f3n, climatizaci\u00f3n y refrigeraci\u00f3n de forma sostenible y energ\u00e9ticamente eficiente.","breadcrumb":{"@id":"https:\/\/ismax.cat\/es\/climatizacionaerotermia\/#breadcrumb"},"inLanguage":"es","potentialAction":[{"@type":"ReadAction","target":["https:\/\/ismax.cat\/es\/climatizacionaerotermia\/"]}]},{"@type":"BreadcrumbList","@id":"https:\/\/ismax.cat\/es\/climatizacionaerotermia\/#breadcrumb","itemListElement":[{"@type":"ListItem","position":1,"name":"Inici","item":"https:\/\/ismax.cat\/es\/inici\/"},{"@type":"ListItem","position":2,"name":"Aerotermia"}]},{"@type":"WebSite","@id":"https:\/\/ismax.cat\/es\/#website","url":"https:\/\/ismax.cat\/es\/","name":"Ismax","description":"Instal\u00b7lacions Ismax","potentialAction":[{"@type":"SearchAction","target":{"@type":"EntryPoint","urlTemplate":"https:\/\/ismax.cat\/es\/?s={search_term_string}"},"query-input":{"@type":"PropertyValueSpecification","valueRequired":true,"valueName":"search_term_string"}}],"inLanguage":"es"}]}},"_links":{"self":[{"href":"https:\/\/ismax.cat\/es\/wp-json\/wp\/v2\/pages\/1040","targetHints":{"allow":["GET"]}}],"collection":[{"href":"https:\/\/ismax.cat\/es\/wp-json\/wp\/v2\/pages"}],"about":[{"href":"https:\/\/ismax.cat\/es\/wp-json\/wp\/v2\/types\/page"}],"author":[{"embeddable":true,"href":"https:\/\/ismax.cat\/es\/wp-json\/wp\/v2\/users\/1"}],"replies":[{"embeddable":true,"href":"https:\/\/ismax.cat\/es\/wp-json\/wp\/v2\/comments?post=1040"}],"version-history":[{"count":5,"href":"https:\/\/ismax.cat\/es\/wp-json\/wp\/v2\/pages\/1040\/revisions"}],"predecessor-version":[{"id":1162,"href":"https:\/\/ismax.cat\/es\/wp-json\/wp\/v2\/pages\/1040\/revisions\/1162"}],"wp:attachment":[{"href":"https:\/\/ismax.cat\/es\/wp-json\/wp\/v2\/media?parent=1040"}],"curies":[{"name":"wp","href":"https:\/\/api.w.org\/{rel}","templated":true}]}}