{"id":1038,"date":"2022-05-16T13:55:05","date_gmt":"2022-05-16T13:55:05","guid":{"rendered":"https:\/\/ismax.cat\/sobre-nosaltres\/"},"modified":"2025-04-14T13:07:57","modified_gmt":"2025-04-14T13:07:57","slug":"sobre-nosotros","status":"publish","type":"page","link":"https:\/\/ismax.cat\/es\/sobre-nosotros\/","title":{"rendered":"Sobre nosotros"},"content":{"rendered":"<div id='full_slider_1'  class='avia-fullwidth-slider main_color avia-shadow   avia-builder-el-0  el_before_av_section  avia-builder-el-first   container_wrap fullsize'  ><div  class='avia-slideshow av-l38scnd7-64f5cd94da6694d4196b53a08c6a5f5a avia-slideshow-featured av_slideshow_full avia-slide-slider av-slideshow-ui av-control-default av-slideshow-manual av-loop-once av-loop-manual-endless av-default-height-applied   avia-slideshow-1' data-slideshow-options=\"{&quot;animation&quot;:&quot;slide&quot;,&quot;autoplay&quot;:false,&quot;loop_autoplay&quot;:&quot;once&quot;,&quot;interval&quot;:5,&quot;loop_manual&quot;:&quot;manual-endless&quot;,&quot;autoplay_stopper&quot;:false,&quot;noNavigation&quot;:false,&quot;bg_slider&quot;:false,&quot;keep_padding&quot;:false,&quot;hoverpause&quot;:false,&quot;show_slide_delay&quot;:0}\"  itemprop=\"image\" itemscope=\"itemscope\" itemtype=\"https:\/\/schema.org\/ImageObject\" ><ul class='avia-slideshow-inner ' style='padding-bottom: 28.666666666667%;'><li  class='avia-slideshow-slide av-l38scnd7-64f5cd94da6694d4196b53a08c6a5f5a__0  av-single-slide slide-1 slide-odd'><div data-rel='slideshow-1' class='avia-slide-wrap '   ><img decoding=\"async\" fetchpriority=\"high\" class=\"wp-image-1024 avia-img-lazy-loading-not-1024\"  src=\"https:\/\/ismax.cat\/wp-content\/uploads\/2022\/05\/Slider-SobreNosotros-Ismax-1500x430.jpg\" width=\"1500\" height=\"430\" title='' alt=''  itemprop=\"thumbnailUrl\" srcset=\"https:\/\/ismax.cat\/wp-content\/uploads\/2022\/05\/Slider-SobreNosotros-Ismax.jpg 1500w, https:\/\/ismax.cat\/wp-content\/uploads\/2022\/05\/Slider-SobreNosotros-Ismax-300x86.jpg 300w, https:\/\/ismax.cat\/wp-content\/uploads\/2022\/05\/Slider-SobreNosotros-Ismax-1030x295.jpg 1030w, https:\/\/ismax.cat\/wp-content\/uploads\/2022\/05\/Slider-SobreNosotros-Ismax-768x220.jpg 768w, https:\/\/ismax.cat\/wp-content\/uploads\/2022\/05\/Slider-SobreNosotros-Ismax-705x202.jpg 705w\" sizes=\"(max-width: 1500px) 100vw, 1500px\" \/><\/div><\/li><\/ul><\/div><\/div>\n<div id='av_section_1'  class='avia-section av-f0gme-171fdaccd88eb751b10102ffd1ff658f main_color avia-section-default avia-no-border-styling  avia-builder-el-1  el_after_av_slideshow_full  avia-builder-el-last  avia-bg-style-scroll container_wrap fullsize'  ><div class='container av-section-cont-open' ><div class='template-page content  av-content-full alpha units'><div class='post-entry post-entry-type-page post-entry-1038'><div class='entry-content-wrapper clearfix'>\n<div  class='flex_column av-v0ce-340dc1f86ac5d36ecf4b108e06c141b0 av_one_full  avia-builder-el-2  avia-builder-el-no-sibling  first flex_column_div  '     ><section  class='av_textblock_section av-l38sf7po-2589355245adc5c2b39f3ff27ac594d7 '   itemscope=\"itemscope\" itemtype=\"https:\/\/schema.org\/CreativeWork\" ><div class='avia_textblock'  itemprop=\"text\" ><h1 style=\"text-align: center;\">SOBRE NOSOTROS<\/h1>\n<\/div><\/section><br \/>\n\n<style type=\"text\/css\" data-created_by=\"avia_inline_auto\" id=\"style-css-av-l38sfgv7-f40523e0deea682ca9a21c42f8b2b5c8\">\n#top .hr.hr-invisible.av-l38sfgv7-f40523e0deea682ca9a21c42f8b2b5c8{\nheight:20px;\n}\n<\/style>\n<div  class='hr av-l38sfgv7-f40523e0deea682ca9a21c42f8b2b5c8 hr-invisible  avia-builder-el-4  el_after_av_textblock  el_before_av_textblock '><span class='hr-inner '><span class=\"hr-inner-style\"><\/span><\/span><\/div><br \/>\n\n<style type=\"text\/css\" data-created_by=\"avia_inline_auto\" id=\"style-css-av-l38sg2ae-cfcf5b887f9a1184e5e4f38e9c92bc51\">\n#top .av_textblock_section.av-l38sg2ae-cfcf5b887f9a1184e5e4f38e9c92bc51 .avia_textblock{\nfont-size:17px;\n}\n<\/style>\n<section  class='av_textblock_section av-l38sg2ae-cfcf5b887f9a1184e5e4f38e9c92bc51 '   itemscope=\"itemscope\" itemtype=\"https:\/\/schema.org\/CreativeWork\" ><div class='avia_textblock'  itemprop=\"text\" ><p style=\"text-align: center;\"><strong>Instal\u00b7lacions Ismax s.l.<\/strong> empresa fundada en 1998 y dedicada a las tareas de fontaner\u00eda en general, somos <strong>empresa homologada y con operarios acreditatos<\/strong> para realizar instalaciones tanto de agua, como de electricidad, de gas, climatizaci\u00f3n (calefacci\u00f3n, aire acondicionado) y tambi\u00e9n instalaciones de placas solares t\u00e9rmicas.<\/p>\n<p style=\"text-align: center;\">Somos una peque\u00f1a empresa <strong>dedicada a las instalaciones en general<\/strong> que procuramos adjuntar el valor a\u00f1adido del trabajo bien hecho con la seguridad, la cualidad y podernos ganar la confianza de nuestros clientes, intentando vender lo que nosotros comprar\u00edamos en cada caso, <strong>teniendo en cuenta la durabilidad y el ahorro energ\u00e9tico<\/strong> con nuestras instalaciones y productos.<\/p>\n<p style=\"text-align: center;\">Adem\u00e1s, disponemos de <strong>sistemas de financiaci\u00f3n al 0% hasta 15 meses sin intereses<\/strong> para facilitar lo mejor posible el gasto inicial de una reforma, cambio o instalaci\u00f3n nueva pueda ocasionar.<\/p>\n<p style=\"text-align: center;\">A parte de las reparaciones a viviendas, cambios de calderas, suministro y instalaci\u00f3n de aire acondicionado, instalaciones nuevas integrales (agua, luz y gas) para viviendas, tambi\u00e9m realizamos especialmente instalaciones a comercios, tiendas, peluquer\u00edas, lavander\u00edas, etc. y a la industria de gandes almacenes, naves industriales. etc.<br \/>\nPodemo facilitar contactos para el servicio de ingenier\u00eda de nuestra confianza, en el caso de que as\u00ed lo requiera su instalaci\u00f3n.<br \/>\nSi necessita alguno de los servicios que le podamos ofrecer, esperemos ser merecedores de su <strong>confianza<\/strong> y si es posible, que se ponga en contacto con nosatros <strong>sin ning\u00fan compromiso.<\/strong><\/p>\n<\/div><\/section><\/p><\/div>\n","protected":false},"excerpt":{"rendered":"","protected":false},"author":3,"featured_media":0,"parent":0,"menu_order":0,"comment_status":"closed","ping_status":"closed","template":"","meta":{"footnotes":""},"class_list":["post-1038","page","type-page","status-publish","hentry"],"yoast_head":"<!-- This site is optimized with the Yoast SEO plugin v27.2 - https:\/\/yoast.com\/product\/yoast-seo-wordpress\/ -->\n<title>Sobre nosotros - Ismax<\/title>\n<meta name=\"robots\" content=\"index, follow, max-snippet:-1, max-image-preview:large, max-video-preview:-1\" \/>\n<link rel=\"canonical\" href=\"https:\/\/ismax.cat\/es\/sobre-nosotros\/\" \/>\n<meta property=\"og:locale\" content=\"es_ES\" \/>\n<meta property=\"og:type\" content=\"article\" \/>\n<meta property=\"og:title\" content=\"Sobre nosotros - Ismax\" \/>\n<meta property=\"og:url\" content=\"https:\/\/ismax.cat\/es\/sobre-nosotros\/\" \/>\n<meta property=\"og:site_name\" content=\"Ismax\" \/>\n<meta property=\"article:modified_time\" content=\"2025-04-14T13:07:57+00:00\" \/>\n<meta name=\"twitter:card\" content=\"summary_large_image\" \/>\n<meta name=\"twitter:label1\" content=\"Tiempo de lectura\" \/>\n\t<meta name=\"twitter:data1\" content=\"6 minutos\" \/>\n<script type=\"application\/ld+json\" class=\"yoast-schema-graph\">{\"@context\":\"https:\/\/schema.org\",\"@graph\":[{\"@type\":\"WebPage\",\"@id\":\"https:\/\/ismax.cat\/es\/sobre-nosotros\/\",\"url\":\"https:\/\/ismax.cat\/es\/sobre-nosotros\/\",\"name\":\"Sobre nosotros - Ismax\",\"isPartOf\":{\"@id\":\"https:\/\/ismax.cat\/es\/#website\"},\"datePublished\":\"2022-05-16T13:55:05+00:00\",\"dateModified\":\"2025-04-14T13:07:57+00:00\",\"breadcrumb\":{\"@id\":\"https:\/\/ismax.cat\/es\/sobre-nosotros\/#breadcrumb\"},\"inLanguage\":\"es\",\"potentialAction\":[{\"@type\":\"ReadAction\",\"target\":[\"https:\/\/ismax.cat\/es\/sobre-nosotros\/\"]}]},{\"@type\":\"BreadcrumbList\",\"@id\":\"https:\/\/ismax.cat\/es\/sobre-nosotros\/#breadcrumb\",\"itemListElement\":[{\"@type\":\"ListItem\",\"position\":1,\"name\":\"Inici\",\"item\":\"https:\/\/ismax.cat\/es\/inici\/\"},{\"@type\":\"ListItem\",\"position\":2,\"name\":\"Sobre nosotros\"}]},{\"@type\":\"WebSite\",\"@id\":\"https:\/\/ismax.cat\/es\/#website\",\"url\":\"https:\/\/ismax.cat\/es\/\",\"name\":\"Ismax\",\"description\":\"Instal\u00b7lacions Ismax\",\"potentialAction\":[{\"@type\":\"SearchAction\",\"target\":{\"@type\":\"EntryPoint\",\"urlTemplate\":\"https:\/\/ismax.cat\/es\/?s={search_term_string}\"},\"query-input\":{\"@type\":\"PropertyValueSpecification\",\"valueRequired\":true,\"valueName\":\"search_term_string\"}}],\"inLanguage\":\"es\"}]}<\/script>\n<!-- \/ Yoast SEO plugin. -->","yoast_head_json":{"title":"Sobre nosotros - Ismax","robots":{"index":"index","follow":"follow","max-snippet":"max-snippet:-1","max-image-preview":"max-image-preview:large","max-video-preview":"max-video-preview:-1"},"canonical":"https:\/\/ismax.cat\/es\/sobre-nosotros\/","og_locale":"es_ES","og_type":"article","og_title":"Sobre nosotros - Ismax","og_url":"https:\/\/ismax.cat\/es\/sobre-nosotros\/","og_site_name":"Ismax","article_modified_time":"2025-04-14T13:07:57+00:00","twitter_card":"summary_large_image","twitter_misc":{"Tiempo de lectura":"6 minutos"},"schema":{"@context":"https:\/\/schema.org","@graph":[{"@type":"WebPage","@id":"https:\/\/ismax.cat\/es\/sobre-nosotros\/","url":"https:\/\/ismax.cat\/es\/sobre-nosotros\/","name":"Sobre nosotros - Ismax","isPartOf":{"@id":"https:\/\/ismax.cat\/es\/#website"},"datePublished":"2022-05-16T13:55:05+00:00","dateModified":"2025-04-14T13:07:57+00:00","breadcrumb":{"@id":"https:\/\/ismax.cat\/es\/sobre-nosotros\/#breadcrumb"},"inLanguage":"es","potentialAction":[{"@type":"ReadAction","target":["https:\/\/ismax.cat\/es\/sobre-nosotros\/"]}]},{"@type":"BreadcrumbList","@id":"https:\/\/ismax.cat\/es\/sobre-nosotros\/#breadcrumb","itemListElement":[{"@type":"ListItem","position":1,"name":"Inici","item":"https:\/\/ismax.cat\/es\/inici\/"},{"@type":"ListItem","position":2,"name":"Sobre nosotros"}]},{"@type":"WebSite","@id":"https:\/\/ismax.cat\/es\/#website","url":"https:\/\/ismax.cat\/es\/","name":"Ismax","description":"Instal\u00b7lacions Ismax","potentialAction":[{"@type":"SearchAction","target":{"@type":"EntryPoint","urlTemplate":"https:\/\/ismax.cat\/es\/?s={search_term_string}"},"query-input":{"@type":"PropertyValueSpecification","valueRequired":true,"valueName":"search_term_string"}}],"inLanguage":"es"}]}},"_links":{"self":[{"href":"https:\/\/ismax.cat\/es\/wp-json\/wp\/v2\/pages\/1038","targetHints":{"allow":["GET"]}}],"collection":[{"href":"https:\/\/ismax.cat\/es\/wp-json\/wp\/v2\/pages"}],"about":[{"href":"https:\/\/ismax.cat\/es\/wp-json\/wp\/v2\/types\/page"}],"author":[{"embeddable":true,"href":"https:\/\/ismax.cat\/es\/wp-json\/wp\/v2\/users\/3"}],"replies":[{"embeddable":true,"href":"https:\/\/ismax.cat\/es\/wp-json\/wp\/v2\/comments?post=1038"}],"version-history":[{"count":4,"href":"https:\/\/ismax.cat\/es\/wp-json\/wp\/v2\/pages\/1038\/revisions"}],"predecessor-version":[{"id":1090,"href":"https:\/\/ismax.cat\/es\/wp-json\/wp\/v2\/pages\/1038\/revisions\/1090"}],"wp:attachment":[{"href":"https:\/\/ismax.cat\/es\/wp-json\/wp\/v2\/media?parent=1038"}],"curies":[{"name":"wp","href":"https:\/\/api.w.org\/{rel}","templated":true}]}}