{"id":1037,"date":"2023-12-20T09:17:20","date_gmt":"2023-12-20T09:17:20","guid":{"rendered":"https:\/\/ismax.cat\/avis-legal\/"},"modified":"2025-04-14T13:50:13","modified_gmt":"2025-04-14T13:50:13","slug":"aviso-legal","status":"publish","type":"page","link":"https:\/\/ismax.cat\/es\/aviso-legal\/","title":{"rendered":"Av\u00edso Legal"},"content":{"rendered":"<div id='av_section_1'  class='avia-section av-cuxrb-e6072a00bbd6f60093fe846aea737279 main_color avia-section-default avia-no-border-styling  avia-builder-el-0  avia-builder-el-no-sibling  avia-bg-style-scroll container_wrap fullsize'  ><div class='container av-section-cont-open' ><main  role=\"main\" itemprop=\"mainContentOfPage\"  class='template-page content  av-content-full alpha units'><div class='post-entry post-entry-type-page post-entry-1037'><div class='entry-content-wrapper clearfix'>\n<div  class='flex_column av-89tbb-2582e761458b23e6d152deba82819410 av_one_full  avia-builder-el-1  avia-builder-el-no-sibling  first flex_column_div  '     ><section  class='av_textblock_section av-lqdjwz8j-b453f14e4c428b3b3c46778aa9e63689 '   itemscope=\"itemscope\" itemtype=\"https:\/\/schema.org\/CreativeWork\" ><div class='avia_textblock'  itemprop=\"text\" ><blockquote>\n<h2>AV\u00cdSO LEGAL<\/h2>\n<\/blockquote>\n<p>Para dar cumplimiento en el art\u00edculo 10 de la Ley 34\/2002 de Servicios de la Sociedad de la Informaci\u00f3n y del Comercio Electr\u00f3nico, informamos a los usuarios de nuestros datos:<\/p>\n<p>Denominaci\u00f3o Social: <strong>Instal\u00b7lacions Ismax S.L.\u00a0<\/strong>amb NIF <strong>B61529715<\/strong><br \/>\nDomicilio: Carrer Uni\u00f3, 42-44 &#8211; 08302, Mataro (Barcelona) &#8211; Espa\u00f1a.<br \/>\nTel\u00e9fono: +34 937 998 301<br \/>\nE-mail: instal.ismax@gmail.com<br \/>\nWeb: www.ismax.cat<\/p>\n<p>OBJETO<\/p>\n<p>Instalaciones Ismax S.L. como responsable del sitio web, pone a disposici\u00f3n de los usuarios el presente documento, que regula el uso del sitio web con el que pretendemos dar cumplimiento a las obligaciones que dispone la Ley 34\/2002 de servicios de la Sociedad de la Informaci\u00f3n y del Comercio Electr\u00f3nico LSSICE o LSSI), as\u00ed como informar a todos los usuarios del sitio web respecto a cu\u00e1les son las condiciones de uso del sitio web.<\/p>\n<p>A trav\u00e9s de la web, www.ismax.cat facilita a los usuarios el acceso y utilizaci\u00f3n de distintos servicios y contenidos puestos a disposici\u00f3n a trav\u00e9s de la web.<\/p>\n<p>Toda persona que acceda a esta web asume el papel de usuario (en adelante el usuario), e implica la aceptaci\u00f3n total y sin reservas de todas y cada una de las disposiciones incluidas en este Aviso Legal, as\u00ed como cualesquiera otras disposiciones legales que fueran aplicable.<\/p>\n<p>Como usuarios, deben leer atentamente el presente Aviso Legal en cualquiera de las ocasiones que entren en la web, puesto que \u00e9sta puede sufrir modificaciones porque el prestador del servicio se reserva el derecho a modificar cualquier tipo de informaci\u00f3n que pudiera aparecer en la web, sin que exista la obligaci\u00f3n de preavisar o poner en conocimiento de los sitios estas obligaciones, siendo suficientes la publicaci\u00f3n en el mismo.<\/p>\n<blockquote>\n<p>CONDICIONES DE ACCESO Y USO DE LA WEB<\/p>\n<\/blockquote>\n<p><strong>2.1. Car\u00e1cter gratuito de acceso y uso de la web.<\/strong><\/p>\n<p>La prestaci\u00f3n de los servicios por parte de Instalaciones Ismax S.L. tiene car\u00e1cter gratuito para todos los usuarios.<\/p>\n<p><strong>2.2. Registro de Usuari.<\/strong><\/p>\n<p>Con car\u00e1cter general, la prestaci\u00f3n de los Servicios no exige la previa suscripci\u00f3n o registro de los Usuarios.<\/p>\n<p><strong>2.3. Veracidad de la informaci\u00f3n.<\/strong><\/p>\n<p>Toda la informaci\u00f3n que facilita el Usuario debe ser veraz. A estos efectos, el Usuario garantiza la autenticidad de los datos comunicados a trav\u00e9s de los formularios para la suscripci\u00f3n de los Servicios. Ser\u00e1 responsabilidad del Usuario mantener toda la informaci\u00f3n facilitada a Instalaciones Ismax S.L. permanentemente actualizada de forma que responda, en todo momento, a su situaci\u00f3n real. En todo caso, el Usuario ser\u00e1 el \u00fanico responsable de las manifestaciones falsas o inexactas que realice y de los perjuicios que cause al prestamista oa terceros.<\/p>\n<p><strong>2.4. Menores de edad.<\/strong><\/p>\n<p>Para el uso de los servicios, los menores de edad deben obtener siempre previamente el consentimiento de los padres, tutores o representantes legales, responsables \u00faltimos de todos los actos realizados por los menores a su cargo. La responsabilidad en la determinaci\u00f3n de contenidos concretos a los que acceden los menores corresponde a aqu\u00e9llos, es por ello que, si acceden a contenidos no apropiados para Internet, deber\u00e1n establecerse en sus ordenadores mecanismos, en particular programas inform\u00e1ticos, filtros y bloqueos, que permitan limitar los contenidos disponibles y, aunque no sean infalibles, a los que pueden ser infalibles los materiales pueden ser de especial utilidad para controlar.<\/p>\n<p><strong>2.5. Obligaci\u00f3n de hacer uso correcto de la web.<\/strong><\/p>\n<p>El Usuario se compromete a utilizar la web de conformidad a la Ley y al presente Aviso Legal, as\u00ed como la moral y las buenas costumbres. En efecto, el Usuario se abstendr\u00e1 de utilizar la p\u00e1gina con fines il\u00edcitos o prohibidos, lesivos de derechos e intereses de terceros, o que de cualquier forma puedan da\u00f1ar, inutilizar, sobrecargar, deteriorar o impedir la normal utilizaci\u00f3n de equipos inform\u00e1ticos o documentos, archivos y toda clase de contenidos almacenados en cualquier equipo inform\u00e1tico.<\/p>\n<p>En particular, ya t\u00edtulo indicativo, pero no exhaustivo, el Usuario se compromete a no transmitir, difundir o poner a disposici\u00f3n de terceros informaciones, datos, contenidos, mensajes, gr\u00e1ficos, dibujos, archivos de sonido o imagen, fotograf\u00edas, grabaciones, software y, en general, cualquier clase de material que:<\/p>\n<p><strong>(A)<\/strong> sea contraria, desprecie o atente contra los derechos fundamentales y las libertades p\u00fablicas reconocidas constitucionalmente, en tratados internacionales y otras normas vigentes;<\/p>\n<p><strong>(B)<\/strong> induzca, incite o promueva actuaciones delictivas, denigratorias, difamatorias, violentas o, en general, contrarias a la ley, a la moral y el orden p\u00fablico;<\/p>\n<p><strong>(C)<\/strong> induzca, incite o promueva actuaciones, actitudes o pensamientos discriminatorios por raz\u00f3n de sexo, raza, religi\u00f3n, creencias, edad o condici\u00f3n;<\/p>\n<p><strong>(D)<\/strong> sea contrario al derecho al honor, a la intimidad personal o familiar o la propia imagen de las personas;<\/p>\n<p><strong>(E)<\/strong> de cualquier modo perjudique la credibilidad del prestamista o de terceros; y<\/p>\n<p><strong>(F)<\/strong> constituya publicidad il\u00edcita, enga\u00f1osa o desleal.<\/p>\n<blockquote>\n<p>EXCLUSI\u00d3N DE GARANT\u00cdAS Y RESPONSABILIDAD<\/p>\n<\/blockquote>\n<p>El prestador del servicio se exime de cualquier tipo de responsabilidad derivada de la informaci\u00f3n publicada en nuestro sitio web, siempre que esta informaci\u00f3n haya sido manipulada o introducida por un tercero ajeno.<\/p>\n<p>Esta web ha sido revisada y probada para que funcione correctamente. En principio, puede garantizarse el correcto funcionamiento los 365 d\u00edas del a\u00f1o, 24 horas en el d\u00eda. No obstante, el prestamista del servicio no descarta la posibilidad de que existan determinados errores de programaci\u00f3n, o que sucedan causas de fuerza mayor, cat\u00e1strofes naturales, huelgas, o circunstancias similares que hagan imposible el acceso a la p\u00e1gina web.<\/p>\n<p>Instalaciones Ismax S.L. no otorga ninguna garant\u00eda ni se hace responsable, en ning\u00fan caso, de los da\u00f1os y perjuicios de cualquier naturaleza que puedan salir a colaci\u00f3n de la falta de disponibilidad, mantenimiento y efectivo funcionamiento de la web o de sus servicios y contenidos; de la existencia de virus, programas maliciosos o lesivos en los contenidos; del uso il\u00edcito, negligente, fraudulento o contrario a este Aviso legal y condiciones de uso; o de la falta de licitud, calidad, fiabilidad, utilidad y disponibilidad de los servicios prestados por terceros y sitios a disposici\u00f3n de los usuarios en el sitio web.<\/p>\n<p>El prestador del servicio no se hace responsable bajo ning\u00fan concepto de los da\u00f1os que puedan dimanar del uso ilegal o indebido de la presente p\u00e1gina web.<\/p>\n<blockquote>\n<p>COOKIES<\/p>\n<\/blockquote>\n<p>El sitio web del prestador del servicio puede utilizar cookies (peque\u00f1os archivos de informaci\u00f3n que el servidor env\u00eda al ordenador de quien accede en la p\u00e1gina) para llevar a cabo determinadas funciones que son consideradas imprescindibles para el correcto funcionamiento y visualizaci\u00f3n del sitio. Las cookies utilizadas tienen, en todo caso, car\u00e1cter temporal, con el \u00fanico fin de hacer m\u00e1s eficaz la navegaci\u00f3n, desapareciendo al finalizar la sesi\u00f3n del usuario. En ning\u00fan caso se utilizar\u00e1n las cookies para recabar informaci\u00f3n de car\u00e1cter personal. para m\u00e1s informaci\u00f3n, ver nuestra Pol\u00edtica de cookies.<\/p>\n<blockquote>\n<p>ENLACES (LINKS)<\/p>\n<\/blockquote>\n<p>Desde el sitio web es posible que se redirija a contenidos patrocinados, anuncios y\/o enlaces de afiliados y\/o de terceras webs.<\/p>\n<p>Entre los enlaces facilitados, existe la posibilidad de informar o hacer referencia a productos y\/o servicios de terceros. Dado que desde la web no podemos controlar los contenidos introducidos por terceros, Instalaciones Ismax S.L. no asume ning\u00fan tipo de responsabilidad respecto a estos contenidos, ni garantiza la experiencia, integridad o calidad de sus productos. En todo caso, el prestamista manifiesta que proceder\u00e1 a la retirada inmediata de cualquier contenido que pudiera contravenir la legislaci\u00f3n nacional o internacional, la moral o el orden p\u00fablico, procediendo a la retirada inmediata de la redirecci\u00f3n a estas webs, poniendo en conocimiento de las autoridades competentes el contenido en cuesti\u00f3n.<\/p>\n<p>Instalaciones Ismax S.L. tendr\u00e1 publicados estos enlaces hasta que sean eliminados o suspendidos por el prestamista o por el anunciante, y no ser\u00e1 responsable aunque estos anuncios puedan ser indexados por otros buscadores ajenos a esta web.<\/p>\n<p>El prestador del servicio no se responsabiliza de la informaci\u00f3n y contenidos almacenados, a t\u00edtulo enunciativo pero no limitativo, en foros, chats, generadores de blogs, comentarios, redes sociales o cualquier otro medio que permita a terceros publicar contenidos de forma independiente en la p\u00e1gina web del prestador del servicio. Sin embargo y en cuyo cumplimiento se dispone en el art. 11 y 16 de la LSSICE, Instalaciones Ismax S.L. se pone a disposici\u00f3n de todos los usuarios, autoridades y fuerzas de seguridad, y colaborando de forma activa en la retirada o, cuando sea necesario, el bloqueo de todos aquellos contenidos que puedan afectar o contravenir a la legislaci\u00f3n nacional, o internacional, derechos de terceros o la moral y el orden p\u00fablico. En caso de que el usuario considere que puede existir alg\u00fan contenido que pudiera ser susceptible de esta clasificaci\u00f3n, se ruega lo notifique de forma inmediata al administrador del sitio web.<\/p>\n<p>Sin embargo, Instalaciones Ismax S.L. le informa que cualquier relaci\u00f3n contractual o extracontractual que el usuario formalice con estos terceros, afiliados o anunciantes mediante el link proporcionado por esta web, ser\u00e1 v\u00e1lido \u00fanica y exclusivamente entre el usuario y el anunciante y\/o tercera persona e Instalaciones Ismax S.L. no tendr\u00e1 ning\u00fan tipo de responsabilidad sobre los da\u00f1os o perjuicios que pudieran ser ocasionados por la prestaci\u00f3n de servicios y\/o relaciones contractuales o extracontractuales realizadas entre el usuario y los anunciantes o terceros contactadas a trav\u00e9s de este portal porque el prestamista s\u00f3lo act\u00faa como intermediario o medio publicitario.<\/p>\n<blockquote>\n<p>PROTECCI\u00d3N DE DATOS PERSONALES<\/p>\n<\/blockquote>\n<p>El prestamista del servicio est\u00e1 profundamente comprometido con el cumplimiento de la normativa de protecci\u00f3n de datos personales y garantiza el cumplimiento \u00edntegro de las obligaciones dispuestas, as\u00ed como la implementaci\u00f3n de las medidas de seguridad dispuestas en el Reglamento Europeo de Protecci\u00f3n de datos y la normativa espa\u00f1ola de protecci\u00f3n de datos. Para m\u00e1s informaci\u00f3n, ver nuestra Pol\u00edtica de Privacidad.<\/p>\n<blockquote>\n<p>PROPIEDAD INTELECTUAL Y INDUSTRIAL<\/p>\n<\/blockquote>\n<p>El sitio web, incluyendo t\u00edtulo enunciativo, pero no limitativo: la programaci\u00f3n, edici\u00f3n, compilaci\u00f3n y otros elementos necesarios para su funcionamiento, los dise\u00f1os, logotipos, textos, fotograf\u00edas y\/o gr\u00e1ficos son propiedad del prestador del servicio o, en caso necesario, dispone de la licencia o autorizaci\u00f3n expresa por parte de los autores. Todos los contenidos del sitio web est\u00e1n debidamente protegidos por la normativa de propiedad intelectual e industrial.<\/p>\n<p>Independientemente de la finalidad para la que fuesen destinados, la reproducci\u00f3n total o parcial, uso, distribuci\u00f3n y comunicaci\u00f3n p\u00fablica requieren de la autorizaci\u00f3n escrita previa por parte del prestador del servicio. Cualquier uso no autorizado previamente por parte del prestamista ser\u00e1 considerado un incumplimiento grave de los derechos de propiedad intelectual o industrial del autor.<\/p>\n<p>Los dise\u00f1os, logotipos, texto y\/o gr\u00e1ficos ajenos al prestamista y que puedan aparecer en el sitio web, pertenecen a sus respectivos propietarios, siendo ellos mismos responsables de cualquier posible controversia que pudiera acontecer respecto a \u00e9stos. En cualquier caso, el prestador del servicio cuenta con la autorizaci\u00f3n expresa y previa por parte de \u00e9stos.<\/p>\n<p>Instalaciones Ismax S.L. reconoce a favor de sus titulares los correspondientes derechos de propiedad industrial e intelectual, no implicando la menci\u00f3n o aparici\u00f3n en el sitio web, de la existencia de derechos o responsabilidad del prestador sobre \u00e9stos, as\u00ed como apoyo, patrocinio o recomendaci\u00f3n por parte del mismo.<\/p>\n<p>Para realizar cualquier tipo de observaci\u00f3n respecto a posibles incumplimientos de los derechos de propiedad intelectual o industrial, as\u00ed como sobre cualquiera de los contenidos del sitio web, puede realizarlo a trav\u00e9s del correo electr\u00f3nico arriba rese\u00f1ado.<\/p>\n<blockquote>\n<p>LEY APLICABLE Y JURISDICCI\u00d3N<\/p>\n<\/blockquote>\n<p>Para la resoluci\u00f3n de las controversias o cuestiones relacionadas con la presente p\u00e1gina web o de las actividades en \u00e9sta desarrolladas, ser\u00e1 de aplicaci\u00f3n la legislaci\u00f3n espa\u00f1ola, a la que se someten expresamente las partes, siendo competentes para la resoluci\u00f3n de todos los conflictos derivados o relacionados con su uso los Juzgados y Tribunales de Barcelona.<\/p>\n<\/div><\/section><\/div>\n","protected":false},"excerpt":{"rendered":"","protected":false},"author":3,"featured_media":0,"parent":0,"menu_order":0,"comment_status":"closed","ping_status":"closed","template":"","meta":{"footnotes":""},"class_list":["post-1037","page","type-page","status-publish","hentry"],"yoast_head":"<!-- This site is optimized with the Yoast SEO plugin v27.2 - https:\/\/yoast.com\/product\/yoast-seo-wordpress\/ -->\n<title>Av\u00edso Legal - Ismax<\/title>\n<meta name=\"robots\" content=\"index, follow, max-snippet:-1, max-image-preview:large, max-video-preview:-1\" \/>\n<link rel=\"canonical\" href=\"https:\/\/ismax.cat\/es\/aviso-legal\/\" \/>\n<meta property=\"og:locale\" content=\"es_ES\" \/>\n<meta property=\"og:type\" content=\"article\" \/>\n<meta property=\"og:title\" content=\"Av\u00edso Legal - Ismax\" \/>\n<meta property=\"og:url\" content=\"https:\/\/ismax.cat\/es\/aviso-legal\/\" \/>\n<meta property=\"og:site_name\" content=\"Ismax\" \/>\n<meta property=\"article:modified_time\" content=\"2025-04-14T13:50:13+00:00\" \/>\n<meta name=\"twitter:card\" content=\"summary_large_image\" \/>\n<meta name=\"twitter:label1\" content=\"Tiempo de lectura\" \/>\n\t<meta name=\"twitter:data1\" content=\"14 minutos\" \/>\n<script type=\"application\/ld+json\" class=\"yoast-schema-graph\">{\"@context\":\"https:\/\/schema.org\",\"@graph\":[{\"@type\":\"WebPage\",\"@id\":\"https:\/\/ismax.cat\/es\/aviso-legal\/\",\"url\":\"https:\/\/ismax.cat\/es\/aviso-legal\/\",\"name\":\"Av\u00edso Legal - Ismax\",\"isPartOf\":{\"@id\":\"https:\/\/ismax.cat\/es\/#website\"},\"datePublished\":\"2023-12-20T09:17:20+00:00\",\"dateModified\":\"2025-04-14T13:50:13+00:00\",\"breadcrumb\":{\"@id\":\"https:\/\/ismax.cat\/es\/aviso-legal\/#breadcrumb\"},\"inLanguage\":\"es\",\"potentialAction\":[{\"@type\":\"ReadAction\",\"target\":[\"https:\/\/ismax.cat\/es\/aviso-legal\/\"]}]},{\"@type\":\"BreadcrumbList\",\"@id\":\"https:\/\/ismax.cat\/es\/aviso-legal\/#breadcrumb\",\"itemListElement\":[{\"@type\":\"ListItem\",\"position\":1,\"name\":\"Inici\",\"item\":\"https:\/\/ismax.cat\/es\/inici\/\"},{\"@type\":\"ListItem\",\"position\":2,\"name\":\"Av\u00edso Legal\"}]},{\"@type\":\"WebSite\",\"@id\":\"https:\/\/ismax.cat\/es\/#website\",\"url\":\"https:\/\/ismax.cat\/es\/\",\"name\":\"Ismax\",\"description\":\"Instal\u00b7lacions Ismax\",\"potentialAction\":[{\"@type\":\"SearchAction\",\"target\":{\"@type\":\"EntryPoint\",\"urlTemplate\":\"https:\/\/ismax.cat\/es\/?s={search_term_string}\"},\"query-input\":{\"@type\":\"PropertyValueSpecification\",\"valueRequired\":true,\"valueName\":\"search_term_string\"}}],\"inLanguage\":\"es\"}]}<\/script>\n<!-- \/ Yoast SEO plugin. -->","yoast_head_json":{"title":"Av\u00edso Legal - Ismax","robots":{"index":"index","follow":"follow","max-snippet":"max-snippet:-1","max-image-preview":"max-image-preview:large","max-video-preview":"max-video-preview:-1"},"canonical":"https:\/\/ismax.cat\/es\/aviso-legal\/","og_locale":"es_ES","og_type":"article","og_title":"Av\u00edso Legal - Ismax","og_url":"https:\/\/ismax.cat\/es\/aviso-legal\/","og_site_name":"Ismax","article_modified_time":"2025-04-14T13:50:13+00:00","twitter_card":"summary_large_image","twitter_misc":{"Tiempo de lectura":"14 minutos"},"schema":{"@context":"https:\/\/schema.org","@graph":[{"@type":"WebPage","@id":"https:\/\/ismax.cat\/es\/aviso-legal\/","url":"https:\/\/ismax.cat\/es\/aviso-legal\/","name":"Av\u00edso Legal - Ismax","isPartOf":{"@id":"https:\/\/ismax.cat\/es\/#website"},"datePublished":"2023-12-20T09:17:20+00:00","dateModified":"2025-04-14T13:50:13+00:00","breadcrumb":{"@id":"https:\/\/ismax.cat\/es\/aviso-legal\/#breadcrumb"},"inLanguage":"es","potentialAction":[{"@type":"ReadAction","target":["https:\/\/ismax.cat\/es\/aviso-legal\/"]}]},{"@type":"BreadcrumbList","@id":"https:\/\/ismax.cat\/es\/aviso-legal\/#breadcrumb","itemListElement":[{"@type":"ListItem","position":1,"name":"Inici","item":"https:\/\/ismax.cat\/es\/inici\/"},{"@type":"ListItem","position":2,"name":"Av\u00edso Legal"}]},{"@type":"WebSite","@id":"https:\/\/ismax.cat\/es\/#website","url":"https:\/\/ismax.cat\/es\/","name":"Ismax","description":"Instal\u00b7lacions Ismax","potentialAction":[{"@type":"SearchAction","target":{"@type":"EntryPoint","urlTemplate":"https:\/\/ismax.cat\/es\/?s={search_term_string}"},"query-input":{"@type":"PropertyValueSpecification","valueRequired":true,"valueName":"search_term_string"}}],"inLanguage":"es"}]}},"_links":{"self":[{"href":"https:\/\/ismax.cat\/es\/wp-json\/wp\/v2\/pages\/1037","targetHints":{"allow":["GET"]}}],"collection":[{"href":"https:\/\/ismax.cat\/es\/wp-json\/wp\/v2\/pages"}],"about":[{"href":"https:\/\/ismax.cat\/es\/wp-json\/wp\/v2\/types\/page"}],"author":[{"embeddable":true,"href":"https:\/\/ismax.cat\/es\/wp-json\/wp\/v2\/users\/3"}],"replies":[{"embeddable":true,"href":"https:\/\/ismax.cat\/es\/wp-json\/wp\/v2\/comments?post=1037"}],"version-history":[{"count":3,"href":"https:\/\/ismax.cat\/es\/wp-json\/wp\/v2\/pages\/1037\/revisions"}],"predecessor-version":[{"id":1117,"href":"https:\/\/ismax.cat\/es\/wp-json\/wp\/v2\/pages\/1037\/revisions\/1117"}],"wp:attachment":[{"href":"https:\/\/ismax.cat\/es\/wp-json\/wp\/v2\/media?parent=1037"}],"curies":[{"name":"wp","href":"https:\/\/api.w.org\/{rel}","templated":true}]}}