{"id":1035,"date":"2023-12-20T10:29:26","date_gmt":"2023-12-20T10:29:26","guid":{"rendered":"https:\/\/ismax.cat\/politica-de-privacitat\/"},"modified":"2025-04-16T07:47:25","modified_gmt":"2025-04-16T07:47:25","slug":"politica-de-privacidad","status":"publish","type":"page","link":"https:\/\/ismax.cat\/es\/politica-de-privacidad\/","title":{"rendered":"Pol\u00edtica de Privacidad"},"content":{"rendered":"<div  class='flex_column av-av_one_full-7714eba142aeda1f8b5272a3c372b279 av_one_full  avia-builder-el-0  avia-builder-el-no-sibling  first flex_column_div  '     ><section  class='av_textblock_section av-lqdmt90y-3064d905b017807e2ca355a774b94a78 '   itemscope=\"itemscope\" itemtype=\"https:\/\/schema.org\/CreativeWork\" ><div class='avia_textblock'  itemprop=\"text\" ><blockquote>\n<h2>Pol\u00edtica de Privacidad<\/h2>\n<\/blockquote>\n<h4><strong>Responsable del Tratamiento<\/strong><\/h4>\n<p>La empresa responsable del tractamiento de sus datos en virtud de esta Pol\u00edtica de Privacidad es:<br \/>\n<strong>Instal\u00b7lacions Ismax S.L.<\/strong><br \/>\nNIF: \u00a0<strong>B61529715<\/strong><br \/>\nDomicilio: Carrer Uni\u00f3, 42-44 \u2013 08302, Mataro (Barcelona) \u2013 Espa\u00f1a.<br \/>\nDirecci\u00f3n de correo electr\u00f3nico: instal.ismax@gmail.com<br \/>\nWeb: www.ismax.cat<br \/>\nTel\u00e9fon: 937579078<br \/>\nEn <strong>Instal\u00b7lacions Ismax S.L.<\/strong>, reconocemos la importancia de proteger su informaci\u00f3n personal y estamos comprometidos a tratarla con responsabilidad y de conformidad con las leyes de protecci\u00f3n de datos. La presente pol\u00edtica de privacidad pretende regular todos los aspectos relativos al tratamiento de datos de los distintos usuarios que navegan o facilitan sus datos personales a trav\u00e9s de los diferentes formularios situados en la web.<\/p>\n<p><strong>Dato<\/strong><strong>s Personales<\/strong><\/p>\n<p>Un dato personal es la informaci\u00f3n que le identifica o le hace identificable. A trav\u00e9s de la web, en las casillas establecidas al efecto recogemos los datos personales que el usuario nos comunica: nombre, apellidos, correo electr\u00f3nico, tel\u00e9fono, direcci\u00f3n postal, poblaci\u00f3n, etc., as\u00ed como todos aquellos datos que voluntariamente nos proporcione a trav\u00e9s de cualquiera de las redes sociales de las que el usuario est\u00e1 registrado. En tal caso, la privacidad depender\u00e1 de la propia configuraci\u00f3n establecida por el usuario, as\u00ed como de los t\u00e9rminos y condiciones de la propia red social. La visita del usuario a la web no implica que deba facilitar ninguna informaci\u00f3n sobre sus datos personales. No obstante, en caso de facilitarlos, los datos ser\u00e1n tratados de forma l\u00edcita, con sujeci\u00f3n en todo momento a los principios y derechos recogidos en el RGPD 2016\/679 de 27 de abril de 2016 y la LOPDGDD 3\/2018 de 5 de diciembre.<\/p>\n<p><strong>Finalidad, duraci\u00f3n y legitimaci\u00f3n del tractamiento:<\/strong><br \/>\nLos datos que el usuario nos proporcione los trataremos con las siguientes finalidades:<br \/>\n\u2022 Atender la solicitud o petici\u00f3n realizada por el usuario a trav\u00e9s del formulario de contacto situado en la web. Recogemos y tratamos los datos personales del usuario para poder tramitar y gestionar su solicitud, consulta o cualquier petici\u00f3n que realiza a trav\u00e9s de este formulario. Estos datos los conservaremos durante el tiempo necesario para dar cumplimiento a su petici\u00f3n y durante el tiempo establecido por la ley con una duraci\u00f3n m\u00ednima de 3 a\u00f1os.<br \/>\nLa base de legitimaci\u00f3n del tratamiento de los datos ser\u00e1 el consentimiento que el usuario otorga al seleccionar la casilla de aceptaci\u00f3n de nuestra pol\u00edtica de privacidad antes de enviar la petici\u00f3n. El usuario tiene derecho a revocar su consentimiento en cualquier momento sin que ello afecte a la licitud del tratamiento basado en el consentimiento previo a su retirada.<br \/>\n\u2022 Mejorar su experiencia al navegar por la web. Estos datos los conservaremos mientras el usuario no revoque su consentimiento al tratamiento de los mismos eliminando las cookies y durante el tiempo establecido por la ley con una duraci\u00f3n m\u00ednima de 3 a\u00f1os.<br \/>\nLa base de legitimaci\u00f3n para mejorar su experiencia al navegar por la web es el consentimiento que otorga el usuario al aceptar las cookies. El usuario tiene derecho a revocar su consentimiento en cualquier momento sin que ello afecte a la licitud del tratamiento basado en el consentimiento previo a su retirada.<br \/>\n\u2022 Gestionar nuestras redes sociales y enviarle informaci\u00f3n sobre nuestras actividades y productos. Estos datos los conservaremos mientras el usuario no revoque su consentimiento al tratamiento de los mismos y durante el tiempo establecido por la ley con una duraci\u00f3n m\u00ednima de 3 a\u00f1os.<br \/>\nLa base leg\u00edtima para gestionar nuestras redes sociales y enviarle nuestras actividades y novedades es el consentimiento que nos concede para ello. El usuario tiene derecho a revocar su consentimiento en cualquier momento sin que ello afecte a la licitud del tratamiento basado en el consentimiento previo a su retirada.<br \/>\n\u2022 Gestionar el servicio de chat de \u201cAtenci\u00f3n al cliente\u201d ofrecido en nuestra web para cualquier duda sobre nuestros servicios\/productos. Con el fin de mejorar constantemente la calidad de nuestro servicio al cliente, registramos el historial del chat para fines de an\u00e1lisis y mejora. Estos registros se eliminan una vez evaluados y cumpliendo el tiempo establecido por la ley con una duraci\u00f3n m\u00ednima de 3 a\u00f1os.<br \/>\nLa base de legitimaci\u00f3n es el consentimiento que nos concede para uso del servicio. El usuario tiene derecho a revocar su consentimiento en cualquier momento sin que ello afecte a la licitud del tratamiento basado en el consentimiento previo a su retirada.<\/p>\n<p><strong>Cesi\u00f3n o comunicaci\u00f3n de datos personales y transferencias internacionales<\/strong><\/p>\n<p>Sus datos no se comunicar\u00e1n ni ser\u00e1n cedidos a terceros, salvo que exista alguna obligaci\u00f3n legal o aquellos prestamistas vinculados al responsable que act\u00faen como encargados del tratamiento.<br \/>\nNuestros servidores est\u00e1n situados en la Uni\u00f3n Europea, y con car\u00e1cter general, contratamos prestamistas de servicios situados tambi\u00e9n dentro del Espacio Econ\u00f3mico Europeo o en pa\u00edses que han sido declarados con un nivel adecuado de protecci\u00f3n. Si necesitamos utilizar proveedores de servicios externos que requieran la transmisi\u00f3n de datos personales fuera de la Uni\u00f3n Europea o en pa\u00edses que no han sido declarados con un nivel adecuado de protecci\u00f3n, nos aseguraremos de garantizar la seguridad y legitimidad del tratamiento de sus datos mediante decisiones de adecuaci\u00f3n, cl\u00e1usulas tipo, normas corporativas vinculantes, excepciones o cualquier otro instrumento aprobado por la transferencia internacional de datos.<\/p>\n<p><strong>Actualitzaci\u00f3n de datos<\/strong><\/p>\n<p>Es importante que para que podamos mantener los datos personales actualizados, el usuario nos informe siempre que haya habido alguna modificaci\u00f3n en ellos, de lo contrario, no respondemos de la veracidad de \u00e9stos. El usuario garantiza que los datos personales facilitados son veraces, garantizando que toda la informaci\u00f3n facilitada corresponde con la situaci\u00f3n real, que est\u00e1 actualizada y exacta, quedando obligado a comunicar cualquier modificaci\u00f3n.<\/p>\n<p><strong>Datos de Terceros<\/strong><\/p>\n<p>Si el usuario facilita datos de terceras personas para cualquier finalidad a <strong>Instal\u00b7lacions Ismax S.L.,<\/strong> garantiza que ha obtenido estos datos de manera l\u00edcita, que ha informado previamente a los afectados, obteniendo su consentimiento para comunicarlos y que la informaci\u00f3n facilitada es exacta y veraz.<br \/>\nCar\u00e1cter obligatorio de la informaci\u00f3n solicitada<br \/>\nTodos nuestros formularios cuentan con un asterisco (*) en los datos obligatorios. Si el usuario no facilita estos campos, o no marca la casilla de aceptaci\u00f3n de la pol\u00edtica de privacidad, no se permitir\u00e1 el env\u00edo de la informaci\u00f3n.<\/p>\n<p><strong>Derechos del interesado<\/strong><\/p>\n<p>Tiene derecho a acceder a sus datos y obtener confirmaci\u00f3n sobre su tratamiento, as\u00ed como una copia de los datos personales objeto de tratamiento. Tiene derecho a actualizarlos y solicitar la rectificaci\u00f3n de los datos que sean inexactos o solicitar la supresi\u00f3n cuando los datos no sean necesarios para los fines para los que fueron recabados. Puede solicitar la limitaci\u00f3n en el tratamiento de sus datos y oponerse al tratamiento de los mismos revocando su consentimiento, as\u00ed como ejercer el derecho a la portabilidad de los datos. De igual modo, tiene derecho a no ser objeto de decisiones basadas \u00fanicamente en el tratamiento automatizado de sus datos personales. Puede ejercer sus derechos contactando con nosotros Calle Uni\u00f3, 42-44 \u2013 08302, Mataro (Barcelona) \u2013 Espa\u00f1a. o bien por correo electr\u00f3nico a instal.ismax@gmail.com. Si considera que sus derechos no se han atendido debidamente, tendr\u00e1 derecho a presentar una reclamaci\u00f3n ante la autoridad de control en www.aepd.es.<\/p>\n<p><strong>Tratamiento de datos de Menores edad<\/strong><\/p>\n<p>Quien facilita los datos a trav\u00e9s de los formularios de esta web y acepta su tratamiento declara ser mayor de 14 a\u00f1os, quedando prohibido el acceso y uso del portal a menores de esa edad. Si en alg\u00fan momento, el responsable detecta que un menor de 14 a\u00f1os ha proporcionado datos de car\u00e1cter personal, procederemos a su cancelaci\u00f3n. Asimismo, los padres o tutores podr\u00e1n en cualquier caso dirigirse a <strong>Instal\u00b7lacions Ismax S.L.<\/strong> para bloquear la cuenta de acceso de los menores a su cargo que se hubiesen registrado falseando su identidad.<\/p>\n<p><strong>Redes Sociales<\/strong><\/p>\n<p>El objeto de las herramientas de redes sociales es dar visibilidad y difusi\u00f3n a las actividades desarrolladas por nuestra organizaci\u00f3n. Estas herramientas almacenan datos personales en los servidores de sus respectivos servicios y se rigen por su propia pol\u00edtica de privacidad. Se recomienda la revisi\u00f3n y lectura de las condiciones de uso y pol\u00edtica de privacidad de la red social en el momento de registrarse, teniendo en cuenta las diferentes posibilidades de configuraci\u00f3n en relaci\u00f3n con el grado de privacidad del perfil de usuario en la red social. Asimismo, el responsable se reserva el derecho de eliminar de sus redes sociales cualquier informaci\u00f3n publicada por terceros que vulnere la legalidad, incite a hacerlo o contenga mensajes que atenten contra la dignidad de personas o instituciones. As\u00ed como el derecho a bloquear o denunciar el perfil autor de estos mensajes.<\/p>\n<p><strong>Tratamiento de Cookies<\/strong><\/p>\n<p>Una cookie es un peque\u00f1o archivo que se descarga y almacena en el ordenador del usuario cuando \u00e9ste accede a una p\u00e1gina web. Las Cookies permiten en la web, entre otras cosas, almacenar y recuperar informaci\u00f3n sobre los h\u00e1bitos de navegaci\u00f3n del usuario o de su equipo y, dependiendo de la informaci\u00f3n que contengan y de la forma en que utilice su equipo, pueden utilizarse para reconocer al usuario. El usuario tiene la opci\u00f3n de impedir la generaci\u00f3n de cookies mediante la selecci\u00f3n de la correspondiente opci\u00f3n en su programa de navegador. Puede obtener m\u00e1s informaci\u00f3n leyendo nuestra Pol\u00edtica de Cookies.<\/p>\n<\/div><\/section><\/div>\n","protected":false},"excerpt":{"rendered":"","protected":false},"author":3,"featured_media":0,"parent":0,"menu_order":0,"comment_status":"closed","ping_status":"closed","template":"","meta":{"footnotes":""},"class_list":["post-1035","page","type-page","status-publish","hentry"],"yoast_head":"<!-- This site is optimized with the Yoast SEO plugin v27.2 - https:\/\/yoast.com\/product\/yoast-seo-wordpress\/ -->\n<title>Pol\u00edtica de Privacidad - Ismax<\/title>\n<meta name=\"robots\" content=\"index, follow, max-snippet:-1, max-image-preview:large, max-video-preview:-1\" \/>\n<link rel=\"canonical\" href=\"https:\/\/ismax.cat\/es\/politica-de-privacidad\/\" \/>\n<meta property=\"og:locale\" content=\"es_ES\" \/>\n<meta property=\"og:type\" content=\"article\" \/>\n<meta property=\"og:title\" content=\"Pol\u00edtica de Privacidad - Ismax\" \/>\n<meta property=\"og:url\" content=\"https:\/\/ismax.cat\/es\/politica-de-privacidad\/\" \/>\n<meta property=\"og:site_name\" content=\"Ismax\" \/>\n<meta property=\"article:modified_time\" content=\"2025-04-16T07:47:25+00:00\" \/>\n<meta name=\"twitter:card\" content=\"summary_large_image\" \/>\n<meta name=\"twitter:label1\" content=\"Tiempo de lectura\" \/>\n\t<meta name=\"twitter:data1\" content=\"11 minutos\" \/>\n<script type=\"application\/ld+json\" class=\"yoast-schema-graph\">{\"@context\":\"https:\/\/schema.org\",\"@graph\":[{\"@type\":\"WebPage\",\"@id\":\"https:\/\/ismax.cat\/es\/politica-de-privacidad\/\",\"url\":\"https:\/\/ismax.cat\/es\/politica-de-privacidad\/\",\"name\":\"Pol\u00edtica de Privacidad - Ismax\",\"isPartOf\":{\"@id\":\"https:\/\/ismax.cat\/es\/#website\"},\"datePublished\":\"2023-12-20T10:29:26+00:00\",\"dateModified\":\"2025-04-16T07:47:25+00:00\",\"breadcrumb\":{\"@id\":\"https:\/\/ismax.cat\/es\/politica-de-privacidad\/#breadcrumb\"},\"inLanguage\":\"es\",\"potentialAction\":[{\"@type\":\"ReadAction\",\"target\":[\"https:\/\/ismax.cat\/es\/politica-de-privacidad\/\"]}]},{\"@type\":\"BreadcrumbList\",\"@id\":\"https:\/\/ismax.cat\/es\/politica-de-privacidad\/#breadcrumb\",\"itemListElement\":[{\"@type\":\"ListItem\",\"position\":1,\"name\":\"Inici\",\"item\":\"https:\/\/ismax.cat\/es\/inici\/\"},{\"@type\":\"ListItem\",\"position\":2,\"name\":\"Pol\u00edtica de Privacidad\"}]},{\"@type\":\"WebSite\",\"@id\":\"https:\/\/ismax.cat\/es\/#website\",\"url\":\"https:\/\/ismax.cat\/es\/\",\"name\":\"Ismax\",\"description\":\"Instal\u00b7lacions Ismax\",\"potentialAction\":[{\"@type\":\"SearchAction\",\"target\":{\"@type\":\"EntryPoint\",\"urlTemplate\":\"https:\/\/ismax.cat\/es\/?s={search_term_string}\"},\"query-input\":{\"@type\":\"PropertyValueSpecification\",\"valueRequired\":true,\"valueName\":\"search_term_string\"}}],\"inLanguage\":\"es\"}]}<\/script>\n<!-- \/ Yoast SEO plugin. -->","yoast_head_json":{"title":"Pol\u00edtica de Privacidad - Ismax","robots":{"index":"index","follow":"follow","max-snippet":"max-snippet:-1","max-image-preview":"max-image-preview:large","max-video-preview":"max-video-preview:-1"},"canonical":"https:\/\/ismax.cat\/es\/politica-de-privacidad\/","og_locale":"es_ES","og_type":"article","og_title":"Pol\u00edtica de Privacidad - Ismax","og_url":"https:\/\/ismax.cat\/es\/politica-de-privacidad\/","og_site_name":"Ismax","article_modified_time":"2025-04-16T07:47:25+00:00","twitter_card":"summary_large_image","twitter_misc":{"Tiempo de lectura":"11 minutos"},"schema":{"@context":"https:\/\/schema.org","@graph":[{"@type":"WebPage","@id":"https:\/\/ismax.cat\/es\/politica-de-privacidad\/","url":"https:\/\/ismax.cat\/es\/politica-de-privacidad\/","name":"Pol\u00edtica de Privacidad - Ismax","isPartOf":{"@id":"https:\/\/ismax.cat\/es\/#website"},"datePublished":"2023-12-20T10:29:26+00:00","dateModified":"2025-04-16T07:47:25+00:00","breadcrumb":{"@id":"https:\/\/ismax.cat\/es\/politica-de-privacidad\/#breadcrumb"},"inLanguage":"es","potentialAction":[{"@type":"ReadAction","target":["https:\/\/ismax.cat\/es\/politica-de-privacidad\/"]}]},{"@type":"BreadcrumbList","@id":"https:\/\/ismax.cat\/es\/politica-de-privacidad\/#breadcrumb","itemListElement":[{"@type":"ListItem","position":1,"name":"Inici","item":"https:\/\/ismax.cat\/es\/inici\/"},{"@type":"ListItem","position":2,"name":"Pol\u00edtica de Privacidad"}]},{"@type":"WebSite","@id":"https:\/\/ismax.cat\/es\/#website","url":"https:\/\/ismax.cat\/es\/","name":"Ismax","description":"Instal\u00b7lacions Ismax","potentialAction":[{"@type":"SearchAction","target":{"@type":"EntryPoint","urlTemplate":"https:\/\/ismax.cat\/es\/?s={search_term_string}"},"query-input":{"@type":"PropertyValueSpecification","valueRequired":true,"valueName":"search_term_string"}}],"inLanguage":"es"}]}},"_links":{"self":[{"href":"https:\/\/ismax.cat\/es\/wp-json\/wp\/v2\/pages\/1035","targetHints":{"allow":["GET"]}}],"collection":[{"href":"https:\/\/ismax.cat\/es\/wp-json\/wp\/v2\/pages"}],"about":[{"href":"https:\/\/ismax.cat\/es\/wp-json\/wp\/v2\/types\/page"}],"author":[{"embeddable":true,"href":"https:\/\/ismax.cat\/es\/wp-json\/wp\/v2\/users\/3"}],"replies":[{"embeddable":true,"href":"https:\/\/ismax.cat\/es\/wp-json\/wp\/v2\/comments?post=1035"}],"version-history":[{"count":5,"href":"https:\/\/ismax.cat\/es\/wp-json\/wp\/v2\/pages\/1035\/revisions"}],"predecessor-version":[{"id":1123,"href":"https:\/\/ismax.cat\/es\/wp-json\/wp\/v2\/pages\/1035\/revisions\/1123"}],"wp:attachment":[{"href":"https:\/\/ismax.cat\/es\/wp-json\/wp\/v2\/media?parent=1035"}],"curies":[{"name":"wp","href":"https:\/\/api.w.org\/{rel}","templated":true}]}}